{"id":15187,"date":"2024-05-23T11:25:10","date_gmt":"2024-05-23T08:25:10","guid":{"rendered":"https:\/\/www.rhodesrentalcar.com\/oase-strandbar\/"},"modified":"2024-05-23T11:25:12","modified_gmt":"2024-05-23T08:25:12","slug":"oase-strandbar","status":"publish","type":"page","link":"https:\/\/www.rhodesrentalcar.com\/de\/oase-strandbar\/","title":{"rendered":"OASE STRANDBAR"},"content":{"rendered":"\t\t<div data-elementor-type=\"wp-page\" data-elementor-id=\"15187\" class=\"elementor elementor-15187 elementor-14210\" data-elementor-post-type=\"page\">\n\t\t\t\t\t\t<section class=\"elementor-section elementor-top-section elementor-element elementor-element-090b054 elementor-section-full_width elementor-section-height-default elementor-section-height-default\" data-id=\"090b054\" data-element_type=\"section\" data-e-type=\"section\">\n\t\t\t\t\t\t<div class=\"elementor-container elementor-column-gap-no\">\n\t\t\t\t\t<div class=\"elementor-column elementor-col-100 elementor-top-column elementor-element elementor-element-1f7a7c5\" data-id=\"1f7a7c5\" data-element_type=\"column\" data-e-type=\"column\">\n\t\t\t<div class=\"elementor-widget-wrap elementor-element-populated\">\n\t\t\t\t\t\t<div class=\"elementor-element elementor-element-30a5c95 elementor--h-position-center elementor--v-position-middle elementor-arrows-position-inside elementor-widget elementor-widget-slides\" data-id=\"30a5c95\" data-element_type=\"widget\" data-e-type=\"widget\" data-settings=\"{&quot;navigation&quot;:&quot;arrows&quot;,&quot;autoplay&quot;:&quot;yes&quot;,&quot;pause_on_hover&quot;:&quot;yes&quot;,&quot;pause_on_interaction&quot;:&quot;yes&quot;,&quot;autoplay_speed&quot;:5000,&quot;infinite&quot;:&quot;yes&quot;,&quot;transition&quot;:&quot;slide&quot;,&quot;transition_speed&quot;:500}\" data-widget_type=\"slides.default\">\n\t\t\t\t\t\t\t\t\t\t<div class=\"elementor-slides-wrapper elementor-main-swiper swiper\" role=\"region\" aria-roledescription=\"carousel\" aria-label=\"Slider\" dir=\"ltr\" data-animation=\"zoomIn\">\n\t\t\t\t<div class=\"swiper-wrapper elementor-slides\">\n\t\t\t\t\t\t\t\t\t\t<div class=\"elementor-repeater-item-a50b154 swiper-slide\" role=\"group\" aria-roledescription=\"slide\"><div class=\"swiper-slide-bg\" role=\"img\" aria-label=\"oasis-beach-bar-01\"><\/div><a class=\"swiper-slide-inner\" href=\"https:\/\/www.google.com\/maps\/place\/Oasis+Beach+Restaurant\/@36.3754421,28.235267,19z\/data=!4m14!1m7!3m6!1s0x149566cca0a3cd93:0xe15079ecb763c404!2sOasis+Beach+Kallithea!8m2!3d36.3749743!4d28.2352577!16s%2Fg%2F11bv35w1m0!3m5!1s0x14950e75c3cf5665:0x7efdbfbc9acedf4e!8m2!3d36.3753255!4d28.2358477!16s%2Fg%2F11bvt8n4tk?entry=ttu\" target=\"_blank\"><div class=\"swiper-slide-contents\"><div class=\"elementor-slide-heading\">OASIS<\/div><div class=\"elementor-slide-description\"><p>Strand Bar<\/p>\n<\/div><\/div><\/a><\/div><div class=\"elementor-repeater-item-d6afd9c swiper-slide\" role=\"group\" aria-roledescription=\"slide\"><div class=\"swiper-slide-bg\" role=\"img\" aria-label=\"oasis-beach-bar-02\"><\/div><a class=\"swiper-slide-inner\" href=\"https:\/\/www.google.com\/maps\/place\/Oasis+Beach+Restaurant\/@36.3754421,28.235267,19z\/data=!4m14!1m7!3m6!1s0x149566cca0a3cd93:0xe15079ecb763c404!2sOasis+Beach+Kallithea!8m2!3d36.3749743!4d28.2352577!16s%2Fg%2F11bv35w1m0!3m5!1s0x14950e75c3cf5665:0x7efdbfbc9acedf4e!8m2!3d36.3753255!4d28.2358477!16s%2Fg%2F11bvt8n4tk?entry=ttu\" target=\"_blank\"><div class=\"swiper-slide-contents\"><div class=\"elementor-slide-heading\">OASIS<\/div><div class=\"elementor-slide-description\"><p>Strand Bar<\/p>\n<\/div><\/div><\/a><\/div><div class=\"elementor-repeater-item-cf1caff swiper-slide\" role=\"group\" aria-roledescription=\"slide\"><div class=\"swiper-slide-bg\" role=\"img\" aria-label=\"oasis-beach-bar-03\"><\/div><a class=\"swiper-slide-inner\" href=\"https:\/\/www.google.com\/maps\/place\/Oasis+Beach+Restaurant\/@36.3754421,28.235267,19z\/data=!4m14!1m7!3m6!1s0x149566cca0a3cd93:0xe15079ecb763c404!2sOasis+Beach+Kallithea!8m2!3d36.3749743!4d28.2352577!16s%2Fg%2F11bv35w1m0!3m5!1s0x14950e75c3cf5665:0x7efdbfbc9acedf4e!8m2!3d36.3753255!4d28.2358477!16s%2Fg%2F11bvt8n4tk?entry=ttu\" target=\"_blank\"><div class=\"swiper-slide-contents\"><div class=\"elementor-slide-heading\">OASIS<\/div><div class=\"elementor-slide-description\"><p>Strand Bar<\/p>\n<\/div><\/div><\/a><\/div><div class=\"elementor-repeater-item-087c921 swiper-slide\" role=\"group\" aria-roledescription=\"slide\"><div class=\"swiper-slide-bg\" role=\"img\" aria-label=\"oasis-beach-bar-04\"><\/div><a class=\"swiper-slide-inner\" href=\"https:\/\/www.google.com\/maps\/place\/Oasis+Beach+Restaurant\/@36.3754421,28.235267,19z\/data=!4m14!1m7!3m6!1s0x149566cca0a3cd93:0xe15079ecb763c404!2sOasis+Beach+Kallithea!8m2!3d36.3749743!4d28.2352577!16s%2Fg%2F11bv35w1m0!3m5!1s0x14950e75c3cf5665:0x7efdbfbc9acedf4e!8m2!3d36.3753255!4d28.2358477!16s%2Fg%2F11bvt8n4tk?entry=ttu\" target=\"_blank\"><div class=\"swiper-slide-contents\"><div class=\"elementor-slide-heading\">OASIS<\/div><div class=\"elementor-slide-description\"><p>Strand Bar<\/p>\n<\/div><\/div><\/a><\/div><div class=\"elementor-repeater-item-9fa188e swiper-slide\" role=\"group\" aria-roledescription=\"slide\"><div class=\"swiper-slide-bg\" role=\"img\" aria-label=\"oasis-beach-bar-05\"><\/div><a class=\"swiper-slide-inner\" href=\"https:\/\/www.google.com\/maps\/place\/Oasis+Beach+Restaurant\/@36.3754421,28.235267,19z\/data=!4m14!1m7!3m6!1s0x149566cca0a3cd93:0xe15079ecb763c404!2sOasis+Beach+Kallithea!8m2!3d36.3749743!4d28.2352577!16s%2Fg%2F11bv35w1m0!3m5!1s0x14950e75c3cf5665:0x7efdbfbc9acedf4e!8m2!3d36.3753255!4d28.2358477!16s%2Fg%2F11bvt8n4tk?entry=ttu\" target=\"_blank\"><div class=\"swiper-slide-contents\"><div class=\"elementor-slide-heading\">OASIS<\/div><div class=\"elementor-slide-description\"><p>Strand Bar<\/p>\n<\/div><\/div><\/a><\/div><div class=\"elementor-repeater-item-4a6ab36 swiper-slide\" role=\"group\" aria-roledescription=\"slide\"><div class=\"swiper-slide-bg\" role=\"img\" aria-label=\"oasis-beach-bar-06\"><\/div><a class=\"swiper-slide-inner\" href=\"https:\/\/www.google.com\/maps\/place\/Oasis+Beach+Restaurant\/@36.3754421,28.235267,19z\/data=!4m14!1m7!3m6!1s0x149566cca0a3cd93:0xe15079ecb763c404!2sOasis+Beach+Kallithea!8m2!3d36.3749743!4d28.2352577!16s%2Fg%2F11bv35w1m0!3m5!1s0x14950e75c3cf5665:0x7efdbfbc9acedf4e!8m2!3d36.3753255!4d28.2358477!16s%2Fg%2F11bvt8n4tk?entry=ttu\" target=\"_blank\"><div class=\"swiper-slide-contents\"><div class=\"elementor-slide-heading\">OASIS<\/div><div class=\"elementor-slide-description\"><p>Strand Bar<\/p>\n<\/div><\/div><\/a><\/div><div class=\"elementor-repeater-item-e8ba5ae swiper-slide\" role=\"group\" aria-roledescription=\"slide\"><div class=\"swiper-slide-bg\" role=\"img\" aria-label=\"oasis-beach-bar-07\"><\/div><a class=\"swiper-slide-inner\" href=\"https:\/\/www.google.com\/maps\/place\/Oasis+Beach+Restaurant\/@36.3754421,28.235267,19z\/data=!4m14!1m7!3m6!1s0x149566cca0a3cd93:0xe15079ecb763c404!2sOasis+Beach+Kallithea!8m2!3d36.3749743!4d28.2352577!16s%2Fg%2F11bv35w1m0!3m5!1s0x14950e75c3cf5665:0x7efdbfbc9acedf4e!8m2!3d36.3753255!4d28.2358477!16s%2Fg%2F11bvt8n4tk?entry=ttu\" target=\"_blank\"><div class=\"swiper-slide-contents\"><div class=\"elementor-slide-heading\">OASIS<\/div><div class=\"elementor-slide-description\"><p>Strand Bar<\/p>\n<\/div><\/div><\/a><\/div>\t\t\t\t<\/div>\n\t\t\t\t\t\t\t\t\t\t\t\t\t\t\t<div class=\"elementor-swiper-button elementor-swiper-button-prev\" role=\"button\" tabindex=\"0\" aria-label=\"Vorheriger Slide\">\n\t\t\t\t\t\t\t<i aria-hidden=\"true\" class=\"eicon-chevron-left\"><\/i>\t\t\t\t\t\t<\/div>\n\t\t\t\t\t\t<div class=\"elementor-swiper-button elementor-swiper-button-next\" role=\"button\" tabindex=\"0\" aria-label=\"N\u00e4chster Slide\">\n\t\t\t\t\t\t\t<i aria-hidden=\"true\" class=\"eicon-chevron-right\"><\/i>\t\t\t\t\t\t<\/div>\n\t\t\t\t\t\t\t\t\t\t\t\t\t\t\t\t\t<\/div>\n\t\t\t\t\t\t\t\t<\/div>\n\t\t\t\t\t<\/div>\n\t\t<\/div>\n\t\t\t\t\t<\/div>\n\t\t<\/section>\n\t\t\t\t<section class=\"elementor-section elementor-top-section elementor-element elementor-element-9f734cc elementor-section-content-middle elementor-section-boxed elementor-section-height-default elementor-section-height-default\" data-id=\"9f734cc\" data-element_type=\"section\" data-e-type=\"section\">\n\t\t\t\t\t\t<div class=\"elementor-container elementor-column-gap-default\">\n\t\t\t\t\t<div class=\"elementor-column elementor-col-25 elementor-top-column elementor-element elementor-element-9673903\" data-id=\"9673903\" data-element_type=\"column\" data-e-type=\"column\">\n\t\t\t<div class=\"elementor-widget-wrap elementor-element-populated\">\n\t\t\t\t\t\t<div class=\"elementor-element elementor-element-d725172 elementor-position-top elementor-widget elementor-widget-image-box\" data-id=\"d725172\" data-element_type=\"widget\" data-e-type=\"widget\" data-widget_type=\"image-box.default\">\n\t\t\t\t\t<div class=\"elementor-image-box-wrapper\"><figure class=\"elementor-image-box-img\"><a href=\"https:\/\/www.rhodesrentalcar.com\/de\/restaurants\/\" tabindex=\"-1\"><img loading=\"lazy\" decoding=\"async\" width=\"100\" height=\"100\" src=\"https:\/\/www.rhodesrentalcar.com\/wp-content\/uploads\/2021\/03\/my-way-rent-a-car-restaurant-2.svg\" class=\"attachment-full size-full wp-image-5417\" alt=\"my-way-rent-a-car-restaurant-2\" srcset=\"https:\/\/www.rhodesrentalcar.com\/wp-content\/uploads\/\/2021\/03\/my-way-rent-a-car-restaurant-2.svg 150w, https:\/\/www.rhodesrentalcar.com\/wp-content\/uploads\/\/2021\/03\/my-way-rent-a-car-restaurant-2.svg 300w, https:\/\/www.rhodesrentalcar.com\/wp-content\/uploads\/\/2021\/03\/my-way-rent-a-car-restaurant-2.svg 768w, https:\/\/www.rhodesrentalcar.com\/wp-content\/uploads\/\/2021\/03\/my-way-rent-a-car-restaurant-2.svg 1024w, https:\/\/www.rhodesrentalcar.com\/wp-content\/uploads\/\/2021\/03\/my-way-rent-a-car-restaurant-2.svg 100w\" sizes=\"auto, (max-width: 100px) 100vw, 100px\" \/><\/a><\/figure><div class=\"elementor-image-box-content\"><h3 class=\"elementor-image-box-title\"><a href=\"https:\/\/www.rhodesrentalcar.com\/de\/restaurants\/\">RESTAURANT<\/a><\/h3><\/div><\/div>\t\t\t\t<\/div>\n\t\t\t\t\t<\/div>\n\t\t<\/div>\n\t\t\t\t<div class=\"elementor-column elementor-col-25 elementor-top-column elementor-element elementor-element-627c197\" data-id=\"627c197\" data-element_type=\"column\" data-e-type=\"column\">\n\t\t\t<div class=\"elementor-widget-wrap elementor-element-populated\">\n\t\t\t\t\t\t<div class=\"elementor-element elementor-element-2fe4d32 elementor-position-top elementor-widget elementor-widget-image-box\" data-id=\"2fe4d32\" data-element_type=\"widget\" data-e-type=\"widget\" data-widget_type=\"image-box.default\">\n\t\t\t\t\t<div class=\"elementor-image-box-wrapper\"><figure class=\"elementor-image-box-img\"><a href=\"https:\/\/www.rhodesrentalcar.com\/bar\/\" tabindex=\"-1\"><img loading=\"lazy\" decoding=\"async\" width=\"100\" height=\"100\" src=\"https:\/\/www.rhodesrentalcar.com\/wp-content\/uploads\/2021\/03\/my-way-rent-a-car-cocktail-2.svg\" class=\"attachment-full size-full wp-image-5414\" alt=\"my-way-rent-a-car-cocktail-2\" srcset=\"https:\/\/www.rhodesrentalcar.com\/wp-content\/uploads\/\/2021\/03\/my-way-rent-a-car-cocktail-2.svg 150w, https:\/\/www.rhodesrentalcar.com\/wp-content\/uploads\/\/2021\/03\/my-way-rent-a-car-cocktail-2.svg 300w, https:\/\/www.rhodesrentalcar.com\/wp-content\/uploads\/\/2021\/03\/my-way-rent-a-car-cocktail-2.svg 768w, https:\/\/www.rhodesrentalcar.com\/wp-content\/uploads\/\/2021\/03\/my-way-rent-a-car-cocktail-2.svg 1024w, https:\/\/www.rhodesrentalcar.com\/wp-content\/uploads\/\/2021\/03\/my-way-rent-a-car-cocktail-2.svg 100w\" sizes=\"auto, (max-width: 100px) 100vw, 100px\" \/><\/a><\/figure><div class=\"elementor-image-box-content\"><h3 class=\"elementor-image-box-title\"><a href=\"https:\/\/www.rhodesrentalcar.com\/bar\/\">BAR<\/a><\/h3><\/div><\/div>\t\t\t\t<\/div>\n\t\t\t\t\t<\/div>\n\t\t<\/div>\n\t\t\t\t<div class=\"elementor-column elementor-col-25 elementor-top-column elementor-element elementor-element-0c8dd29\" data-id=\"0c8dd29\" data-element_type=\"column\" data-e-type=\"column\">\n\t\t\t<div class=\"elementor-widget-wrap elementor-element-populated\">\n\t\t\t\t\t\t<div class=\"elementor-element elementor-element-6f5a40f elementor-position-top elementor-widget elementor-widget-image-box\" data-id=\"6f5a40f\" data-element_type=\"widget\" data-e-type=\"widget\" data-widget_type=\"image-box.default\">\n\t\t\t\t\t<div class=\"elementor-image-box-wrapper\"><figure class=\"elementor-image-box-img\"><a href=\"https:\/\/www.rhodesrentalcar.com\/de\/live-buehne\/\" tabindex=\"-1\"><img loading=\"lazy\" decoding=\"async\" width=\"100\" height=\"100\" src=\"https:\/\/www.rhodesrentalcar.com\/wp-content\/uploads\/2021\/03\/my-way-rent-a-car-guitar-2.svg\" class=\"attachment-full size-full wp-image-5420\" alt=\"\" srcset=\"https:\/\/www.rhodesrentalcar.com\/wp-content\/uploads\/\/2021\/03\/my-way-rent-a-car-guitar-2.svg 150w, https:\/\/www.rhodesrentalcar.com\/wp-content\/uploads\/\/2021\/03\/my-way-rent-a-car-guitar-2.svg 300w, https:\/\/www.rhodesrentalcar.com\/wp-content\/uploads\/\/2021\/03\/my-way-rent-a-car-guitar-2.svg 768w, https:\/\/www.rhodesrentalcar.com\/wp-content\/uploads\/\/2021\/03\/my-way-rent-a-car-guitar-2.svg 1024w, https:\/\/www.rhodesrentalcar.com\/wp-content\/uploads\/\/2021\/03\/my-way-rent-a-car-guitar-2.svg 100w\" sizes=\"auto, (max-width: 100px) 100vw, 100px\" \/><\/a><\/figure><div class=\"elementor-image-box-content\"><h3 class=\"elementor-image-box-title\"><a href=\"https:\/\/www.rhodesrentalcar.com\/de\/live-buehne\/\">LIVE-B\u00dcHNE<\/a><\/h3><\/div><\/div>\t\t\t\t<\/div>\n\t\t\t\t\t<\/div>\n\t\t<\/div>\n\t\t\t\t<div class=\"elementor-column elementor-col-25 elementor-top-column elementor-element elementor-element-1dc3b4e\" data-id=\"1dc3b4e\" data-element_type=\"column\" data-e-type=\"column\">\n\t\t\t<div class=\"elementor-widget-wrap elementor-element-populated\">\n\t\t\t\t\t\t<div class=\"elementor-element elementor-element-282f21e elementor-position-top elementor-widget elementor-widget-image-box\" data-id=\"282f21e\" data-element_type=\"widget\" data-e-type=\"widget\" data-widget_type=\"image-box.default\">\n\t\t\t\t\t<div class=\"elementor-image-box-wrapper\"><figure class=\"elementor-image-box-img\"><img loading=\"lazy\" decoding=\"async\" width=\"100\" height=\"100\" src=\"https:\/\/www.rhodesrentalcar.com\/wp-content\/uploads\/2021\/03\/my-way-rent-a-car-gift-2-1.svg\" class=\"attachment-full size-full wp-image-5423\" alt=\"my-way-rent-a-car-gift 2\" srcset=\"https:\/\/www.rhodesrentalcar.com\/wp-content\/uploads\/\/2021\/03\/my-way-rent-a-car-gift-2-1.svg 150w, https:\/\/www.rhodesrentalcar.com\/wp-content\/uploads\/\/2021\/03\/my-way-rent-a-car-gift-2-1.svg 300w, https:\/\/www.rhodesrentalcar.com\/wp-content\/uploads\/\/2021\/03\/my-way-rent-a-car-gift-2-1.svg 768w, https:\/\/www.rhodesrentalcar.com\/wp-content\/uploads\/\/2021\/03\/my-way-rent-a-car-gift-2-1.svg 1024w, https:\/\/www.rhodesrentalcar.com\/wp-content\/uploads\/\/2021\/03\/my-way-rent-a-car-gift-2-1.svg 100w\" sizes=\"auto, (max-width: 100px) 100vw, 100px\" \/><\/figure><div class=\"elementor-image-box-content\"><h3 class=\"elementor-image-box-title\">EINKAUFEN<\/h3><\/div><\/div>\t\t\t\t<\/div>\n\t\t\t\t\t<\/div>\n\t\t<\/div>\n\t\t\t\t\t<\/div>\n\t\t<\/section>\n\t\t\t\t<section class=\"elementor-section elementor-top-section elementor-element elementor-element-a5256b7 elementor-section-content-middle elementor-section-boxed elementor-section-height-default elementor-section-height-default\" data-id=\"a5256b7\" data-element_type=\"section\" data-e-type=\"section\">\n\t\t\t\t\t\t<div class=\"elementor-container elementor-column-gap-no\">\n\t\t\t\t\t<div class=\"elementor-column elementor-col-100 elementor-top-column elementor-element elementor-element-abf5318\" data-id=\"abf5318\" data-element_type=\"column\" data-e-type=\"column\">\n\t\t\t<div class=\"elementor-widget-wrap elementor-element-populated\">\n\t\t\t\t\t\t<div class=\"elementor-element elementor-element-c73b2fd elementor-widget elementor-widget-text-editor\" data-id=\"c73b2fd\" data-element_type=\"widget\" data-e-type=\"widget\" data-widget_type=\"text-editor.default\">\n\t\t\t\t\t\t\t\t\t<p><strong>OASIS<\/strong><\/p>\n\t\t\t\t\t\t\t\t<\/div>\n\t\t\t\t<div class=\"elementor-element elementor-element-d31f95e elementor-widget elementor-widget-text-editor\" data-id=\"d31f95e\" data-element_type=\"widget\" data-e-type=\"widget\" data-widget_type=\"text-editor.default\">\n\t\t\t\t\t\t\t\t\t<p>Strand Bar<\/p>\n\t\t\t\t\t\t\t\t<\/div>\n\t\t\t\t\t<\/div>\n\t\t<\/div>\n\t\t\t\t\t<\/div>\n\t\t<\/section>\n\t\t\t\t<section class=\"elementor-section elementor-top-section elementor-element elementor-element-401c2c4 elementor-section-boxed elementor-section-height-default elementor-section-height-default\" data-id=\"401c2c4\" data-element_type=\"section\" data-e-type=\"section\">\n\t\t\t\t\t\t<div class=\"elementor-container elementor-column-gap-default\">\n\t\t\t\t\t<div class=\"elementor-column elementor-col-100 elementor-top-column elementor-element elementor-element-48c39d8\" data-id=\"48c39d8\" data-element_type=\"column\" data-e-type=\"column\">\n\t\t\t<div class=\"elementor-widget-wrap elementor-element-populated\">\n\t\t\t\t\t\t<div class=\"elementor-element elementor-element-3e9066c elementor-widget elementor-widget-text-editor\" data-id=\"3e9066c\" data-element_type=\"widget\" data-e-type=\"widget\" data-widget_type=\"text-editor.default\">\n\t\t\t\t\t\t\t\t\t<div class=\"elementor-element elementor-element-8862b77 aux-appear-watch-animation aux-fade-in-up elementor-widget elementor-widget-text-editor aux-animated aux-animated-once\" data-id=\"8862b77\" data-element_type=\"widget\" data-widget_type=\"text-editor.default\">\n<div class=\"elementor-widget-container\">\n<p>Die Oasis Beach Bar befindet sich in bester Strandlage und bietet einen ungehinderten Blick auf das glitzernde \u00c4g\u00e4ische Meer. Sp\u00fcren Sie den Sand zwischen Ihren Zehen, w\u00e4hrend Sie das beruhigende Rauschen der Wellen und die salzige Meeresbrise genie\u00dfen.<\/p>\n<p>Tags\u00fcber ist die Oasis eine Oase der Entspannung. Entspannen Sie sich auf bequemen Sonnenliegen, schl\u00fcrfen Sie k\u00fchle Cocktails und genie\u00dfen Sie die mediterrane Sonne. Das einladende t\u00fcrkisfarbene Wasser ist perfekt zum Schwimmen und Abk\u00fchlen.<\/p>\n<\/div>\n<\/div>\n\t\t\t\t\t\t\t\t<\/div>\n\t\t\t\t\t<\/div>\n\t\t<\/div>\n\t\t\t\t\t<\/div>\n\t\t<\/section>\n\t\t\t\t<section class=\"elementor-section elementor-top-section elementor-element elementor-element-d3f133f elementor-section-content-middle elementor-section-boxed elementor-section-height-default elementor-section-height-default\" data-id=\"d3f133f\" data-element_type=\"section\" data-e-type=\"section\" data-settings=\"{&quot;background_background&quot;:&quot;classic&quot;}\">\n\t\t\t\t\t\t<div class=\"elementor-container elementor-column-gap-no\">\n\t\t\t\t\t<div class=\"elementor-column elementor-col-25 elementor-top-column elementor-element elementor-element-a51cbd9\" data-id=\"a51cbd9\" data-element_type=\"column\" data-e-type=\"column\">\n\t\t\t<div class=\"elementor-widget-wrap elementor-element-populated\">\n\t\t\t\t\t\t<div class=\"elementor-element elementor-element-debb524 elementor-shape-circle elementor-grid-3 e-grid-align-center elementor-widget elementor-widget-social-icons\" data-id=\"debb524\" data-element_type=\"widget\" data-e-type=\"widget\" data-widget_type=\"social-icons.default\">\n\t\t\t\t\t\t\t<div class=\"elementor-social-icons-wrapper elementor-grid\" role=\"list\">\n\t\t\t\t\t\t\t<span class=\"elementor-grid-item\" role=\"listitem\">\n\t\t\t\t\t<a class=\"elementor-icon elementor-social-icon elementor-social-icon-facebook elementor-animation-grow elementor-repeater-item-754c53d\" href=\"https:\/\/www.facebook.com\/oasisbeachbarrhodes\" target=\"_blank\">\n\t\t\t\t\t\t<span class=\"elementor-screen-only\">Facebook<\/span>\n\t\t\t\t\t\t<i aria-hidden=\"true\" class=\"fab fa-facebook\"><\/i>\t\t\t\t\t<\/a>\n\t\t\t\t<\/span>\n\t\t\t\t\t\t\t<span class=\"elementor-grid-item\" role=\"listitem\">\n\t\t\t\t\t<a class=\"elementor-icon elementor-social-icon elementor-social-icon-instagram elementor-animation-grow elementor-repeater-item-79b0d2a\" href=\"https:\/\/www.instagram.com\/oasisbeachbar_rhodes\/\" target=\"_blank\">\n\t\t\t\t\t\t<span class=\"elementor-screen-only\">Instagram<\/span>\n\t\t\t\t\t\t<i aria-hidden=\"true\" class=\"fab fa-instagram\"><\/i>\t\t\t\t\t<\/a>\n\t\t\t\t<\/span>\n\t\t\t\t\t\t\t<span class=\"elementor-grid-item\" role=\"listitem\">\n\t\t\t\t\t<a class=\"elementor-icon elementor-social-icon elementor-social-icon-youtube elementor-animation-grow elementor-repeater-item-af864cb\" href=\"https:\/\/www.youtube.com\/@oasisbeachrhodes\/featured\" target=\"_blank\">\n\t\t\t\t\t\t<span class=\"elementor-screen-only\">Youtube<\/span>\n\t\t\t\t\t\t<i aria-hidden=\"true\" class=\"fab fa-youtube\"><\/i>\t\t\t\t\t<\/a>\n\t\t\t\t<\/span>\n\t\t\t\t\t<\/div>\n\t\t\t\t\t\t<\/div>\n\t\t\t\t\t<\/div>\n\t\t<\/div>\n\t\t\t\t<div class=\"elementor-column elementor-col-25 elementor-top-column elementor-element elementor-element-296e62a\" data-id=\"296e62a\" data-element_type=\"column\" data-e-type=\"column\">\n\t\t\t<div class=\"elementor-widget-wrap elementor-element-populated\">\n\t\t\t\t\t\t<div class=\"elementor-element elementor-element-6b3818b elementor-view-default elementor-position-block-start elementor-mobile-position-block-start elementor-widget elementor-widget-icon-box\" data-id=\"6b3818b\" data-element_type=\"widget\" data-e-type=\"widget\" data-widget_type=\"icon-box.default\">\n\t\t\t\t\t\t\t<div class=\"elementor-icon-box-wrapper\">\n\n\t\t\t\t\t\t<div class=\"elementor-icon-box-icon\">\n\t\t\t\t<a href=\"tel:+30%20690%20889%201030%20%20\" class=\"elementor-icon\" tabindex=\"-1\" aria-label=\"+30 690 889 1030  \">\n\t\t\t\t<i aria-hidden=\"true\" class=\" icomoon-the7-font-the7-phone-06\"><\/i>\t\t\t\t<\/a>\n\t\t\t<\/div>\n\t\t\t\n\t\t\t\t\t\t<div class=\"elementor-icon-box-content\">\n\n\t\t\t\t\t\t\t\t\t<h3 class=\"elementor-icon-box-title\">\n\t\t\t\t\t\t<a href=\"tel:+30%20690%20889%201030%20%20\" >\n\t\t\t\t\t\t\t+30 690 889 1030  \t\t\t\t\t\t<\/a>\n\t\t\t\t\t<\/h3>\n\t\t\t\t\n\t\t\t\t\n\t\t\t<\/div>\n\t\t\t\n\t\t<\/div>\n\t\t\t\t\t\t<\/div>\n\t\t\t\t\t<\/div>\n\t\t<\/div>\n\t\t\t\t<div class=\"elementor-column elementor-col-25 elementor-top-column elementor-element elementor-element-99b0520\" data-id=\"99b0520\" data-element_type=\"column\" data-e-type=\"column\">\n\t\t\t<div class=\"elementor-widget-wrap elementor-element-populated\">\n\t\t\t\t\t\t<div class=\"elementor-element elementor-element-bffe1e6 elementor-view-default elementor-position-block-start elementor-mobile-position-block-start elementor-widget elementor-widget-icon-box\" data-id=\"bffe1e6\" data-element_type=\"widget\" data-e-type=\"widget\" data-widget_type=\"icon-box.default\">\n\t\t\t\t\t\t\t<div class=\"elementor-icon-box-wrapper\">\n\n\t\t\t\t\t\t<div class=\"elementor-icon-box-icon\">\n\t\t\t\t<span  class=\"elementor-icon\">\n\t\t\t\t<i aria-hidden=\"true\" class=\"far fa-clock\"><\/i>\t\t\t\t<\/span>\n\t\t\t<\/div>\n\t\t\t\n\t\t\t\t\t\t<div class=\"elementor-icon-box-content\">\n\n\t\t\t\t\t\t\t\t\t<h3 class=\"elementor-icon-box-title\">\n\t\t\t\t\t\t<span  >\n\t\t\t\t\t\t\t10:00 - 19:00\t\t\t\t\t\t<\/span>\n\t\t\t\t\t<\/h3>\n\t\t\t\t\n\t\t\t\t\n\t\t\t<\/div>\n\t\t\t\n\t\t<\/div>\n\t\t\t\t\t\t<\/div>\n\t\t\t\t\t<\/div>\n\t\t<\/div>\n\t\t\t\t<div class=\"elementor-column elementor-col-25 elementor-top-column elementor-element elementor-element-269ca55\" data-id=\"269ca55\" data-element_type=\"column\" data-e-type=\"column\">\n\t\t\t<div class=\"elementor-widget-wrap elementor-element-populated\">\n\t\t\t\t\t\t<div class=\"elementor-element elementor-element-642e2e4 elementor-view-default elementor-position-block-start elementor-mobile-position-block-start elementor-widget elementor-widget-icon-box\" data-id=\"642e2e4\" data-element_type=\"widget\" data-e-type=\"widget\" data-widget_type=\"icon-box.default\">\n\t\t\t\t\t\t\t<div class=\"elementor-icon-box-wrapper\">\n\n\t\t\t\t\t\t<div class=\"elementor-icon-box-icon\">\n\t\t\t\t<a href=\"https:\/\/www.google.com\/maps\/place\/Oasis+Beach+Restaurant\/@36.3754421,28.235267,19z\/data=!4m14!1m7!3m6!1s0x149566cca0a3cd93:0xe15079ecb763c404!2sOasis+Beach+Kallithea!8m2!3d36.3749743!4d28.2352577!16s%2Fg%2F11bv35w1m0!3m5!1s0x14950e75c3cf5665:0x7efdbfbc9acedf4e!8m2!3d36.3753255!4d28.2358477!16s%2Fg%2F11bvt8n4tk?entry=ttu\" target=\"_blank\" class=\"elementor-icon\" tabindex=\"-1\" aria-label=\"Kallithea, Rhodos 851 00\">\n\t\t\t\t<i aria-hidden=\"true\" class=\"fas fa-map-marker-alt\"><\/i>\t\t\t\t<\/a>\n\t\t\t<\/div>\n\t\t\t\n\t\t\t\t\t\t<div class=\"elementor-icon-box-content\">\n\n\t\t\t\t\t\t\t\t\t<h3 class=\"elementor-icon-box-title\">\n\t\t\t\t\t\t<a href=\"https:\/\/www.google.com\/maps\/place\/Oasis+Beach+Restaurant\/@36.3754421,28.235267,19z\/data=!4m14!1m7!3m6!1s0x149566cca0a3cd93:0xe15079ecb763c404!2sOasis+Beach+Kallithea!8m2!3d36.3749743!4d28.2352577!16s%2Fg%2F11bv35w1m0!3m5!1s0x14950e75c3cf5665:0x7efdbfbc9acedf4e!8m2!3d36.3753255!4d28.2358477!16s%2Fg%2F11bvt8n4tk?entry=ttu\" target=\"_blank\" >\n\t\t\t\t\t\t\tKallithea, Rhodos 851 00\t\t\t\t\t\t<\/a>\n\t\t\t\t\t<\/h3>\n\t\t\t\t\n\t\t\t\t\n\t\t\t<\/div>\n\t\t\t\n\t\t<\/div>\n\t\t\t\t\t\t<\/div>\n\t\t\t\t\t<\/div>\n\t\t<\/div>\n\t\t\t\t\t<\/div>\n\t\t<\/section>\n\t\t\t\t<\/div>\n\t\t","protected":false},"excerpt":{"rendered":"<p>OASIS Strand Bar OASIS Strand Bar OASIS Strand Bar OASIS Strand Bar OASIS Strand Bar OASIS Strand Bar OASIS Strand Bar Previous slide Next slide RESTAURANT BAR LIVE-B\u00dcHNE EINKAUFEN OASIS Strand Bar Die Oasis Beach Bar befindet sich in bester Strandlage und bietet einen ungehinderten Blick auf das glitzernde \u00c4g\u00e4ische Meer. Sp\u00fcren Sie den Sand&hellip;<\/p>\n","protected":false},"author":1,"featured_media":0,"parent":0,"menu_order":0,"comment_status":"closed","ping_status":"closed","template":"elementor_header_footer","meta":{"_monsterinsights_skip_tracking":false,"_monsterinsights_sitenote_active":false,"_monsterinsights_sitenote_note":"","_monsterinsights_sitenote_category":0,"footnotes":""},"class_list":["post-15187","page","type-page","status-publish","hentry"],"aioseo_notices":[],"_links":{"self":[{"href":"https:\/\/www.rhodesrentalcar.com\/de\/wp-json\/wp\/v2\/pages\/15187","targetHints":{"allow":["GET"]}}],"collection":[{"href":"https:\/\/www.rhodesrentalcar.com\/de\/wp-json\/wp\/v2\/pages"}],"about":[{"href":"https:\/\/www.rhodesrentalcar.com\/de\/wp-json\/wp\/v2\/types\/page"}],"author":[{"embeddable":true,"href":"https:\/\/www.rhodesrentalcar.com\/de\/wp-json\/wp\/v2\/users\/1"}],"replies":[{"embeddable":true,"href":"https:\/\/www.rhodesrentalcar.com\/de\/wp-json\/wp\/v2\/comments?post=15187"}],"version-history":[{"count":0,"href":"https:\/\/www.rhodesrentalcar.com\/de\/wp-json\/wp\/v2\/pages\/15187\/revisions"}],"wp:attachment":[{"href":"https:\/\/www.rhodesrentalcar.com\/de\/wp-json\/wp\/v2\/media?parent=15187"}],"curies":[{"name":"wp","href":"https:\/\/api.w.org\/{rel}","templated":true}]}}