{"id":15212,"date":"2024-05-23T11:28:24","date_gmt":"2024-05-23T08:28:24","guid":{"rendered":"https:\/\/www.rhodesrentalcar.com\/oasis-strandpartys-veranstaltungen\/"},"modified":"2024-05-23T11:28:25","modified_gmt":"2024-05-23T08:28:25","slug":"oasis-strandpartys-veranstaltungen","status":"publish","type":"page","link":"https:\/\/www.rhodesrentalcar.com\/de\/oasis-strandpartys-veranstaltungen\/","title":{"rendered":"OASIS STRANDPARTYS &amp; VERANSTALTUNGEN"},"content":{"rendered":"\t\t<div data-elementor-type=\"wp-page\" data-elementor-id=\"15212\" class=\"elementor elementor-15212 elementor-14341\" data-elementor-post-type=\"page\">\n\t\t\t\t\t\t<section class=\"elementor-section elementor-top-section elementor-element elementor-element-08a2eb2 elementor-section-full_width elementor-section-height-default elementor-section-height-default\" data-id=\"08a2eb2\" data-element_type=\"section\" data-e-type=\"section\">\n\t\t\t\t\t\t<div class=\"elementor-container elementor-column-gap-no\">\n\t\t\t\t\t<div class=\"elementor-column elementor-col-100 elementor-top-column elementor-element elementor-element-e908cfd\" data-id=\"e908cfd\" data-element_type=\"column\" data-e-type=\"column\">\n\t\t\t<div class=\"elementor-widget-wrap elementor-element-populated\">\n\t\t\t\t\t\t<div class=\"elementor-element elementor-element-73101c3 elementor--h-position-center elementor--v-position-middle elementor-arrows-position-inside elementor-widget elementor-widget-slides\" data-id=\"73101c3\" data-element_type=\"widget\" data-e-type=\"widget\" data-settings=\"{&quot;navigation&quot;:&quot;arrows&quot;,&quot;autoplay&quot;:&quot;yes&quot;,&quot;pause_on_hover&quot;:&quot;yes&quot;,&quot;pause_on_interaction&quot;:&quot;yes&quot;,&quot;autoplay_speed&quot;:5000,&quot;infinite&quot;:&quot;yes&quot;,&quot;transition&quot;:&quot;slide&quot;,&quot;transition_speed&quot;:500}\" data-widget_type=\"slides.default\">\n\t\t\t\t\t\t\t\t\t\t<div class=\"elementor-slides-wrapper elementor-main-swiper swiper\" role=\"region\" aria-roledescription=\"carousel\" aria-label=\"Slider\" dir=\"ltr\" data-animation=\"zoomIn\">\n\t\t\t\t<div class=\"swiper-wrapper elementor-slides\">\n\t\t\t\t\t\t\t\t\t\t<div class=\"elementor-repeater-item-1e1d590 swiper-slide\" role=\"group\" aria-roledescription=\"slide\"><div class=\"swiper-slide-bg\" role=\"img\" aria-label=\"oasis-beach-parties-events-01\"><\/div><a class=\"swiper-slide-inner\" href=\"https:\/\/maps.app.goo.gl\/iJu8Ltb9cSVxAcaT7\" target=\"_blank\"><div class=\"swiper-slide-contents\"><div class=\"elementor-slide-heading\">OASIS STRAND <\/div><div class=\"elementor-slide-description\"><p>Partys &amp; Veranstaltungen<\/p>\n<\/div><\/div><\/a><\/div><div class=\"elementor-repeater-item-bf273a3 swiper-slide\" role=\"group\" aria-roledescription=\"slide\"><div class=\"swiper-slide-bg\" role=\"img\" aria-label=\"oasis-beach-parties-events-02\"><\/div><a class=\"swiper-slide-inner\" href=\"https:\/\/maps.app.goo.gl\/iJu8Ltb9cSVxAcaT7\" target=\"_blank\"><div class=\"swiper-slide-contents\"><div class=\"elementor-slide-heading\">OASIS STRAND<\/div><div class=\"elementor-slide-description\"><p>Partys &amp; Veranstaltungen<\/p>\n<\/div><\/div><\/a><\/div><div class=\"elementor-repeater-item-44e6866 swiper-slide\" role=\"group\" aria-roledescription=\"slide\"><div class=\"swiper-slide-bg\" role=\"img\" aria-label=\"oasis-beach-parties-events-03\"><\/div><a class=\"swiper-slide-inner\" href=\"https:\/\/maps.app.goo.gl\/iJu8Ltb9cSVxAcaT7\" target=\"_blank\"><div class=\"swiper-slide-contents\"><div class=\"elementor-slide-heading\">OASIS STRAND<\/div><div class=\"elementor-slide-description\"><p>Partys &amp; Veranstaltungen<\/p>\n<\/div><\/div><\/a><\/div><div class=\"elementor-repeater-item-24d9961 swiper-slide\" role=\"group\" aria-roledescription=\"slide\"><div class=\"swiper-slide-bg\" role=\"img\" aria-label=\"oasis-beach-parties-events-04\"><\/div><a class=\"swiper-slide-inner\" href=\"https:\/\/maps.app.goo.gl\/iJu8Ltb9cSVxAcaT7\" target=\"_blank\"><div class=\"swiper-slide-contents\"><div class=\"elementor-slide-heading\">OASIS STRAND<\/div><div class=\"elementor-slide-description\"><p>Partys &amp; Veranstaltungen<\/p>\n<\/div><\/div><\/a><\/div><div class=\"elementor-repeater-item-ea671c6 swiper-slide\" role=\"group\" aria-roledescription=\"slide\"><div class=\"swiper-slide-bg\" role=\"img\" aria-label=\"oasis-beach-parties-events-05\"><\/div><a class=\"swiper-slide-inner\" href=\"https:\/\/maps.app.goo.gl\/iJu8Ltb9cSVxAcaT7\" target=\"_blank\"><div class=\"swiper-slide-contents\"><div class=\"elementor-slide-heading\">OASIS STRAND<\/div><div class=\"elementor-slide-description\"><p>Partys &amp; Veranstaltungen<\/p>\n<\/div><\/div><\/a><\/div><div class=\"elementor-repeater-item-7b2fb59 swiper-slide\" role=\"group\" aria-roledescription=\"slide\"><div class=\"swiper-slide-bg\" role=\"img\" aria-label=\"oasis-beach-parties-events-06\"><\/div><a class=\"swiper-slide-inner\" href=\"https:\/\/maps.app.goo.gl\/iJu8Ltb9cSVxAcaT7\" target=\"_blank\"><div class=\"swiper-slide-contents\"><div class=\"elementor-slide-heading\">OASIS STRAND<\/div><div class=\"elementor-slide-description\"><p>Partys &amp; Veranstaltungen<\/p>\n<\/div><\/div><\/a><\/div><div class=\"elementor-repeater-item-48635c1 swiper-slide\" role=\"group\" aria-roledescription=\"slide\"><div class=\"swiper-slide-bg\" role=\"img\" aria-label=\"oasis-beach-parties-events-07\"><\/div><a class=\"swiper-slide-inner\" href=\"https:\/\/maps.app.goo.gl\/iJu8Ltb9cSVxAcaT7\" target=\"_blank\"><div class=\"swiper-slide-contents\"><div class=\"elementor-slide-heading\">OASIS STRAND<\/div><div class=\"elementor-slide-description\"><p>Partys &amp; Veranstaltungen<\/p>\n<\/div><\/div><\/a><\/div>\t\t\t\t<\/div>\n\t\t\t\t\t\t\t\t\t\t\t\t\t\t\t<div class=\"elementor-swiper-button elementor-swiper-button-prev\" role=\"button\" tabindex=\"0\" aria-label=\"Vorheriger Slide\">\n\t\t\t\t\t\t\t<i aria-hidden=\"true\" class=\"eicon-chevron-left\"><\/i>\t\t\t\t\t\t<\/div>\n\t\t\t\t\t\t<div class=\"elementor-swiper-button elementor-swiper-button-next\" role=\"button\" tabindex=\"0\" aria-label=\"N\u00e4chster Slide\">\n\t\t\t\t\t\t\t<i aria-hidden=\"true\" class=\"eicon-chevron-right\"><\/i>\t\t\t\t\t\t<\/div>\n\t\t\t\t\t\t\t\t\t\t\t\t\t\t\t\t\t<\/div>\n\t\t\t\t\t\t\t\t<\/div>\n\t\t\t\t\t<\/div>\n\t\t<\/div>\n\t\t\t\t\t<\/div>\n\t\t<\/section>\n\t\t\t\t<section class=\"elementor-section elementor-top-section elementor-element elementor-element-26c6bf1 elementor-section-content-middle elementor-section-boxed elementor-section-height-default elementor-section-height-default\" data-id=\"26c6bf1\" data-element_type=\"section\" data-e-type=\"section\">\n\t\t\t\t\t\t<div class=\"elementor-container elementor-column-gap-default\">\n\t\t\t\t\t<div class=\"elementor-column elementor-col-25 elementor-top-column elementor-element elementor-element-2d19989\" data-id=\"2d19989\" data-element_type=\"column\" data-e-type=\"column\">\n\t\t\t<div class=\"elementor-widget-wrap elementor-element-populated\">\n\t\t\t\t\t\t<div class=\"elementor-element elementor-element-9f2745a elementor-position-top elementor-widget elementor-widget-image-box\" data-id=\"9f2745a\" data-element_type=\"widget\" data-e-type=\"widget\" data-widget_type=\"image-box.default\">\n\t\t\t\t\t<div class=\"elementor-image-box-wrapper\"><figure class=\"elementor-image-box-img\"><a href=\"https:\/\/www.rhodesrentalcar.com\/de\/restaurants\/\" tabindex=\"-1\"><img loading=\"lazy\" decoding=\"async\" width=\"100\" height=\"100\" src=\"https:\/\/www.rhodesrentalcar.com\/wp-content\/uploads\/2021\/03\/my-way-rent-a-car-restaurant-2.svg\" class=\"attachment-full size-full wp-image-5417\" alt=\"my-way-rent-a-car-restaurant-2\" srcset=\"https:\/\/www.rhodesrentalcar.com\/wp-content\/uploads\/\/2021\/03\/my-way-rent-a-car-restaurant-2.svg 150w, https:\/\/www.rhodesrentalcar.com\/wp-content\/uploads\/\/2021\/03\/my-way-rent-a-car-restaurant-2.svg 300w, https:\/\/www.rhodesrentalcar.com\/wp-content\/uploads\/\/2021\/03\/my-way-rent-a-car-restaurant-2.svg 768w, https:\/\/www.rhodesrentalcar.com\/wp-content\/uploads\/\/2021\/03\/my-way-rent-a-car-restaurant-2.svg 1024w, https:\/\/www.rhodesrentalcar.com\/wp-content\/uploads\/\/2021\/03\/my-way-rent-a-car-restaurant-2.svg 100w\" sizes=\"auto, (max-width: 100px) 100vw, 100px\" \/><\/a><\/figure><div class=\"elementor-image-box-content\"><h3 class=\"elementor-image-box-title\"><a href=\"https:\/\/www.rhodesrentalcar.com\/de\/restaurants\/\">RESTAURANT<\/a><\/h3><\/div><\/div>\t\t\t\t<\/div>\n\t\t\t\t\t<\/div>\n\t\t<\/div>\n\t\t\t\t<div class=\"elementor-column elementor-col-25 elementor-top-column elementor-element elementor-element-a044b0f\" data-id=\"a044b0f\" data-element_type=\"column\" data-e-type=\"column\">\n\t\t\t<div class=\"elementor-widget-wrap elementor-element-populated\">\n\t\t\t\t\t\t<div class=\"elementor-element elementor-element-a79edba elementor-position-top elementor-widget elementor-widget-image-box\" data-id=\"a79edba\" data-element_type=\"widget\" data-e-type=\"widget\" data-widget_type=\"image-box.default\">\n\t\t\t\t\t<div class=\"elementor-image-box-wrapper\"><figure class=\"elementor-image-box-img\"><a href=\"https:\/\/www.rhodesrentalcar.com\/bar\/\" tabindex=\"-1\"><img loading=\"lazy\" decoding=\"async\" width=\"100\" height=\"100\" src=\"https:\/\/www.rhodesrentalcar.com\/wp-content\/uploads\/2021\/03\/my-way-rent-a-car-cocktail-2.svg\" class=\"attachment-full size-full wp-image-5414\" alt=\"my-way-rent-a-car-cocktail-2\" srcset=\"https:\/\/www.rhodesrentalcar.com\/wp-content\/uploads\/\/2021\/03\/my-way-rent-a-car-cocktail-2.svg 150w, https:\/\/www.rhodesrentalcar.com\/wp-content\/uploads\/\/2021\/03\/my-way-rent-a-car-cocktail-2.svg 300w, https:\/\/www.rhodesrentalcar.com\/wp-content\/uploads\/\/2021\/03\/my-way-rent-a-car-cocktail-2.svg 768w, https:\/\/www.rhodesrentalcar.com\/wp-content\/uploads\/\/2021\/03\/my-way-rent-a-car-cocktail-2.svg 1024w, https:\/\/www.rhodesrentalcar.com\/wp-content\/uploads\/\/2021\/03\/my-way-rent-a-car-cocktail-2.svg 100w\" sizes=\"auto, (max-width: 100px) 100vw, 100px\" \/><\/a><\/figure><div class=\"elementor-image-box-content\"><h3 class=\"elementor-image-box-title\"><a href=\"https:\/\/www.rhodesrentalcar.com\/bar\/\">BAR<\/a><\/h3><\/div><\/div>\t\t\t\t<\/div>\n\t\t\t\t\t<\/div>\n\t\t<\/div>\n\t\t\t\t<div class=\"elementor-column elementor-col-25 elementor-top-column elementor-element elementor-element-8967534\" data-id=\"8967534\" data-element_type=\"column\" data-e-type=\"column\">\n\t\t\t<div class=\"elementor-widget-wrap elementor-element-populated\">\n\t\t\t\t\t\t<div class=\"elementor-element elementor-element-b9ae10c elementor-position-top elementor-widget elementor-widget-image-box\" data-id=\"b9ae10c\" data-element_type=\"widget\" data-e-type=\"widget\" data-widget_type=\"image-box.default\">\n\t\t\t\t\t<div class=\"elementor-image-box-wrapper\"><figure class=\"elementor-image-box-img\"><a href=\"https:\/\/www.rhodesrentalcar.com\/de\/live-buehne\/\" tabindex=\"-1\"><img loading=\"lazy\" decoding=\"async\" width=\"100\" height=\"100\" src=\"https:\/\/www.rhodesrentalcar.com\/wp-content\/uploads\/2021\/03\/my-way-rent-a-car-guitar-2.svg\" class=\"attachment-full size-full wp-image-5420\" alt=\"\" srcset=\"https:\/\/www.rhodesrentalcar.com\/wp-content\/uploads\/\/2021\/03\/my-way-rent-a-car-guitar-2.svg 150w, https:\/\/www.rhodesrentalcar.com\/wp-content\/uploads\/\/2021\/03\/my-way-rent-a-car-guitar-2.svg 300w, https:\/\/www.rhodesrentalcar.com\/wp-content\/uploads\/\/2021\/03\/my-way-rent-a-car-guitar-2.svg 768w, https:\/\/www.rhodesrentalcar.com\/wp-content\/uploads\/\/2021\/03\/my-way-rent-a-car-guitar-2.svg 1024w, https:\/\/www.rhodesrentalcar.com\/wp-content\/uploads\/\/2021\/03\/my-way-rent-a-car-guitar-2.svg 100w\" sizes=\"auto, (max-width: 100px) 100vw, 100px\" \/><\/a><\/figure><div class=\"elementor-image-box-content\"><h3 class=\"elementor-image-box-title\"><a href=\"https:\/\/www.rhodesrentalcar.com\/de\/live-buehne\/\">LIVE-B\u00dcHNE<\/a><\/h3><\/div><\/div>\t\t\t\t<\/div>\n\t\t\t\t\t<\/div>\n\t\t<\/div>\n\t\t\t\t<div class=\"elementor-column elementor-col-25 elementor-top-column elementor-element elementor-element-11f5f01\" data-id=\"11f5f01\" data-element_type=\"column\" data-e-type=\"column\">\n\t\t\t<div class=\"elementor-widget-wrap elementor-element-populated\">\n\t\t\t\t\t\t<div class=\"elementor-element elementor-element-f6257c9 elementor-position-top elementor-widget elementor-widget-image-box\" data-id=\"f6257c9\" data-element_type=\"widget\" data-e-type=\"widget\" data-widget_type=\"image-box.default\">\n\t\t\t\t\t<div class=\"elementor-image-box-wrapper\"><figure class=\"elementor-image-box-img\"><img loading=\"lazy\" decoding=\"async\" width=\"100\" height=\"100\" src=\"https:\/\/www.rhodesrentalcar.com\/wp-content\/uploads\/2021\/03\/my-way-rent-a-car-gift-2-1.svg\" class=\"attachment-full size-full wp-image-5423\" alt=\"my-way-rent-a-car-gift 2\" srcset=\"https:\/\/www.rhodesrentalcar.com\/wp-content\/uploads\/\/2021\/03\/my-way-rent-a-car-gift-2-1.svg 150w, https:\/\/www.rhodesrentalcar.com\/wp-content\/uploads\/\/2021\/03\/my-way-rent-a-car-gift-2-1.svg 300w, https:\/\/www.rhodesrentalcar.com\/wp-content\/uploads\/\/2021\/03\/my-way-rent-a-car-gift-2-1.svg 768w, https:\/\/www.rhodesrentalcar.com\/wp-content\/uploads\/\/2021\/03\/my-way-rent-a-car-gift-2-1.svg 1024w, https:\/\/www.rhodesrentalcar.com\/wp-content\/uploads\/\/2021\/03\/my-way-rent-a-car-gift-2-1.svg 100w\" sizes=\"auto, (max-width: 100px) 100vw, 100px\" \/><\/figure><div class=\"elementor-image-box-content\"><h3 class=\"elementor-image-box-title\">EINKAUFEN<\/h3><\/div><\/div>\t\t\t\t<\/div>\n\t\t\t\t\t<\/div>\n\t\t<\/div>\n\t\t\t\t\t<\/div>\n\t\t<\/section>\n\t\t\t\t<section class=\"elementor-section elementor-top-section elementor-element elementor-element-34012bc elementor-section-content-middle elementor-section-boxed elementor-section-height-default elementor-section-height-default\" data-id=\"34012bc\" data-element_type=\"section\" data-e-type=\"section\">\n\t\t\t\t\t\t<div class=\"elementor-container elementor-column-gap-no\">\n\t\t\t\t\t<div class=\"elementor-column elementor-col-100 elementor-top-column elementor-element elementor-element-c2b96b5\" data-id=\"c2b96b5\" data-element_type=\"column\" data-e-type=\"column\">\n\t\t\t<div class=\"elementor-widget-wrap elementor-element-populated\">\n\t\t\t\t\t\t<div class=\"elementor-element elementor-element-b2b2d9c elementor-widget elementor-widget-text-editor\" data-id=\"b2b2d9c\" data-element_type=\"widget\" data-e-type=\"widget\" data-widget_type=\"text-editor.default\">\n\t\t\t\t\t\t\t\t\t<p><strong>OASIS BEACH<\/strong> Partys &amp; Veranstaltungen<\/p>\n\t\t\t\t\t\t\t\t<\/div>\n\t\t\t\t\t<\/div>\n\t\t<\/div>\n\t\t\t\t\t<\/div>\n\t\t<\/section>\n\t\t\t\t<section class=\"elementor-section elementor-top-section elementor-element elementor-element-d6b92c2 elementor-section-boxed elementor-section-height-default elementor-section-height-default\" data-id=\"d6b92c2\" data-element_type=\"section\" data-e-type=\"section\">\n\t\t\t\t\t\t<div class=\"elementor-container elementor-column-gap-default\">\n\t\t\t\t\t<div class=\"elementor-column elementor-col-100 elementor-top-column elementor-element elementor-element-870583b\" data-id=\"870583b\" data-element_type=\"column\" data-e-type=\"column\">\n\t\t\t<div class=\"elementor-widget-wrap elementor-element-populated\">\n\t\t\t\t\t\t<div class=\"elementor-element elementor-element-a45dc46 elementor-widget elementor-widget-text-editor\" data-id=\"a45dc46\" data-element_type=\"widget\" data-e-type=\"widget\" data-widget_type=\"text-editor.default\">\n\t\t\t\t\t\t\t\t\t<p>Wo die Party niemals endet!<\/p>\n<p>Oasis Beach ist bekannt f\u00fcr seine lebhaften und elektrisierenden Partys, die die Energie Tag und Nacht hoch halten.<\/p>\n<p>An den bezaubernden Ufern des Kallithea Beach auf Rhodos gelegen, ist die Oasis Beach Bar das ultimative Partyziel f\u00fcr Strandliebhaber und Nervenkitzel-Suchende gleicherma\u00dfen. Im Herzen von Kallithea gelegen, bietet diese Oase direkt am Strand die perfekte Mischung aus Sonne, Meer und unvergesslicher Unterhaltung.Live-Musik und Unterhaltung : In der Oasis Beach Bar treten regelm\u00e4\u00dfig Live-Bands und -Interpreten auf, die Ihrem Abend ein dynamisches Element verleihen. Genie\u00dfen Sie eine breite Palette von Musikgenres, von Rock und Pop bis hin zu elektronischer Tanzmusik.Themenpartys: In der Bar finden das ganze Jahr \u00fcber Themenpartys statt, von Vollmond-Strandpartys bis hin zu Extravaganzen im Neon-Look. Informieren Sie sich \u00fcber das aktuelle Veranstaltungsprogramm und vergessen Sie nicht, sich entsprechend zu kleiden!<\/p>\n\t\t\t\t\t\t\t\t<\/div>\n\t\t\t\t\t<\/div>\n\t\t<\/div>\n\t\t\t\t\t<\/div>\n\t\t<\/section>\n\t\t\t\t<section class=\"elementor-section elementor-top-section elementor-element elementor-element-2ad38bd elementor-section-content-middle elementor-section-boxed elementor-section-height-default elementor-section-height-default\" data-id=\"2ad38bd\" data-element_type=\"section\" data-e-type=\"section\" data-settings=\"{&quot;background_background&quot;:&quot;classic&quot;}\">\n\t\t\t\t\t\t<div class=\"elementor-container elementor-column-gap-no\">\n\t\t\t\t\t<div class=\"elementor-column elementor-col-33 elementor-top-column elementor-element elementor-element-5791571\" data-id=\"5791571\" data-element_type=\"column\" data-e-type=\"column\">\n\t\t\t<div class=\"elementor-widget-wrap elementor-element-populated\">\n\t\t\t\t\t\t<div class=\"elementor-element elementor-element-3f9f491 elementor-shape-circle elementor-grid-3 e-grid-align-center elementor-widget elementor-widget-social-icons\" data-id=\"3f9f491\" data-element_type=\"widget\" data-e-type=\"widget\" data-widget_type=\"social-icons.default\">\n\t\t\t\t\t\t\t<div class=\"elementor-social-icons-wrapper elementor-grid\" role=\"list\">\n\t\t\t\t\t\t\t<span class=\"elementor-grid-item\" role=\"listitem\">\n\t\t\t\t\t<a class=\"elementor-icon elementor-social-icon elementor-social-icon-facebook elementor-animation-grow elementor-repeater-item-754c53d\" href=\"https:\/\/www.facebook.com\/oasisbeachbarrhodes\" target=\"_blank\">\n\t\t\t\t\t\t<span class=\"elementor-screen-only\">Facebook<\/span>\n\t\t\t\t\t\t<i aria-hidden=\"true\" class=\"fab fa-facebook\"><\/i>\t\t\t\t\t<\/a>\n\t\t\t\t<\/span>\n\t\t\t\t\t\t\t<span class=\"elementor-grid-item\" role=\"listitem\">\n\t\t\t\t\t<a class=\"elementor-icon elementor-social-icon elementor-social-icon-instagram elementor-animation-grow elementor-repeater-item-4d5f8b0\" href=\"https:\/\/www.instagram.com\/oasisbeachbar_rhodes\/\" target=\"_blank\">\n\t\t\t\t\t\t<span class=\"elementor-screen-only\">Instagram<\/span>\n\t\t\t\t\t\t<i aria-hidden=\"true\" class=\"fab fa-instagram\"><\/i>\t\t\t\t\t<\/a>\n\t\t\t\t<\/span>\n\t\t\t\t\t\t\t<span class=\"elementor-grid-item\" role=\"listitem\">\n\t\t\t\t\t<a class=\"elementor-icon elementor-social-icon elementor-social-icon-youtube elementor-animation-grow elementor-repeater-item-79b0d2a\" href=\"https:\/\/www.youtube.com\/@oasisbeachrhodes\/featured\" target=\"_blank\">\n\t\t\t\t\t\t<span class=\"elementor-screen-only\">Youtube<\/span>\n\t\t\t\t\t\t<i aria-hidden=\"true\" class=\"fab fa-youtube\"><\/i>\t\t\t\t\t<\/a>\n\t\t\t\t<\/span>\n\t\t\t\t\t<\/div>\n\t\t\t\t\t\t<\/div>\n\t\t\t\t\t<\/div>\n\t\t<\/div>\n\t\t\t\t<div class=\"elementor-column elementor-col-33 elementor-top-column elementor-element elementor-element-d80b692\" data-id=\"d80b692\" data-element_type=\"column\" data-e-type=\"column\">\n\t\t\t<div class=\"elementor-widget-wrap elementor-element-populated\">\n\t\t\t\t\t\t<div class=\"elementor-element elementor-element-6006e07 elementor-view-default elementor-position-block-start elementor-mobile-position-block-start elementor-widget elementor-widget-icon-box\" data-id=\"6006e07\" data-element_type=\"widget\" data-e-type=\"widget\" data-widget_type=\"icon-box.default\">\n\t\t\t\t\t\t\t<div class=\"elementor-icon-box-wrapper\">\n\n\t\t\t\t\t\t<div class=\"elementor-icon-box-icon\">\n\t\t\t\t<a href=\"tel:+30%20690%20889%201030\" class=\"elementor-icon\" tabindex=\"-1\" aria-label=\"+30 690 889 1030  \">\n\t\t\t\t<i aria-hidden=\"true\" class=\" icomoon-the7-font-the7-phone-06\"><\/i>\t\t\t\t<\/a>\n\t\t\t<\/div>\n\t\t\t\n\t\t\t\t\t\t<div class=\"elementor-icon-box-content\">\n\n\t\t\t\t\t\t\t\t\t<h3 class=\"elementor-icon-box-title\">\n\t\t\t\t\t\t<a href=\"tel:+30%20690%20889%201030\" >\n\t\t\t\t\t\t\t+30 690 889 1030  \t\t\t\t\t\t<\/a>\n\t\t\t\t\t<\/h3>\n\t\t\t\t\n\t\t\t\t\n\t\t\t<\/div>\n\t\t\t\n\t\t<\/div>\n\t\t\t\t\t\t<\/div>\n\t\t\t\t\t<\/div>\n\t\t<\/div>\n\t\t\t\t<div class=\"elementor-column elementor-col-33 elementor-top-column elementor-element elementor-element-aa4e6ae\" data-id=\"aa4e6ae\" data-element_type=\"column\" data-e-type=\"column\">\n\t\t\t<div class=\"elementor-widget-wrap elementor-element-populated\">\n\t\t\t\t\t\t<div class=\"elementor-element elementor-element-0c382e4 elementor-view-default elementor-position-block-start elementor-mobile-position-block-start elementor-widget elementor-widget-icon-box\" data-id=\"0c382e4\" data-element_type=\"widget\" data-e-type=\"widget\" data-widget_type=\"icon-box.default\">\n\t\t\t\t\t\t\t<div class=\"elementor-icon-box-wrapper\">\n\n\t\t\t\t\t\t<div class=\"elementor-icon-box-icon\">\n\t\t\t\t<a href=\"https:\/\/maps.app.goo.gl\/iJu8Ltb9cSVxAcaT7\" target=\"_blank\" class=\"elementor-icon\" tabindex=\"-1\" aria-label=\"Kallithea, Rhodos 851 00\">\n\t\t\t\t<i aria-hidden=\"true\" class=\"fas fa-map-marker-alt\"><\/i>\t\t\t\t<\/a>\n\t\t\t<\/div>\n\t\t\t\n\t\t\t\t\t\t<div class=\"elementor-icon-box-content\">\n\n\t\t\t\t\t\t\t\t\t<h3 class=\"elementor-icon-box-title\">\n\t\t\t\t\t\t<a href=\"https:\/\/maps.app.goo.gl\/iJu8Ltb9cSVxAcaT7\" target=\"_blank\" >\n\t\t\t\t\t\t\tKallithea, Rhodos 851 00\t\t\t\t\t\t<\/a>\n\t\t\t\t\t<\/h3>\n\t\t\t\t\n\t\t\t\t\n\t\t\t<\/div>\n\t\t\t\n\t\t<\/div>\n\t\t\t\t\t\t<\/div>\n\t\t\t\t\t<\/div>\n\t\t<\/div>\n\t\t\t\t\t<\/div>\n\t\t<\/section>\n\t\t\t\t<\/div>\n\t\t","protected":false},"excerpt":{"rendered":"<p>OASIS STRAND Partys &amp; Veranstaltungen OASIS STRAND Partys &amp; Veranstaltungen OASIS STRAND Partys &amp; Veranstaltungen OASIS STRAND Partys &amp; Veranstaltungen OASIS STRAND Partys &amp; Veranstaltungen OASIS STRAND Partys &amp; Veranstaltungen OASIS STRAND Partys &amp; Veranstaltungen Previous slide Next slide RESTAURANT BAR LIVE-B\u00dcHNE EINKAUFEN OASIS BEACH Partys &amp; Veranstaltungen Wo die Party niemals endet! Oasis Beach&hellip;<\/p>\n","protected":false},"author":1,"featured_media":0,"parent":0,"menu_order":0,"comment_status":"closed","ping_status":"closed","template":"elementor_header_footer","meta":{"_monsterinsights_skip_tracking":false,"_monsterinsights_sitenote_active":false,"_monsterinsights_sitenote_note":"","_monsterinsights_sitenote_category":0,"footnotes":""},"class_list":["post-15212","page","type-page","status-publish","hentry"],"aioseo_notices":[],"_links":{"self":[{"href":"https:\/\/www.rhodesrentalcar.com\/de\/wp-json\/wp\/v2\/pages\/15212","targetHints":{"allow":["GET"]}}],"collection":[{"href":"https:\/\/www.rhodesrentalcar.com\/de\/wp-json\/wp\/v2\/pages"}],"about":[{"href":"https:\/\/www.rhodesrentalcar.com\/de\/wp-json\/wp\/v2\/types\/page"}],"author":[{"embeddable":true,"href":"https:\/\/www.rhodesrentalcar.com\/de\/wp-json\/wp\/v2\/users\/1"}],"replies":[{"embeddable":true,"href":"https:\/\/www.rhodesrentalcar.com\/de\/wp-json\/wp\/v2\/comments?post=15212"}],"version-history":[{"count":0,"href":"https:\/\/www.rhodesrentalcar.com\/de\/wp-json\/wp\/v2\/pages\/15212\/revisions"}],"wp:attachment":[{"href":"https:\/\/www.rhodesrentalcar.com\/de\/wp-json\/wp\/v2\/media?parent=15212"}],"curies":[{"name":"wp","href":"https:\/\/api.w.org\/{rel}","templated":true}]}}