{"id":16513,"date":"2025-01-15T21:51:27","date_gmt":"2025-01-15T19:51:27","guid":{"rendered":"https:\/\/www.rhodesrentalcar.com\/opel-corsa\/"},"modified":"2025-01-29T20:02:37","modified_gmt":"2025-01-29T18:02:37","slug":"opel-corsa","status":"publish","type":"page","link":"https:\/\/www.rhodesrentalcar.com\/de\/opel-corsa\/","title":{"rendered":"Opel Corsa"},"content":{"rendered":"\n<div class=\"wrap plugin-container\">\n\n\t\n\t\n\t<div class=\"vrc-cdetails-cinfo\">\r\n\t<div class=\"vrc-cdetails-img\">\r\n\t\t\t<div class=\"vrc-cdetails-cmainimg\">\r\n\t\t\t<img decoding=\"async\" src=\"https:\/\/www.rhodesrentalcar.com\/wp-content\/plugins\/vikrentcar\/admin\/resources\/opel-corsai-rhodes-car-hire-my-way-rent-a-car-rhodes-2.jpg\" alt=\"Opel Corsa\"\/>\r\n\t\t<\/div>\r\n\t\t\t\t<\/div>\r\n\t<div class=\"vrc-cdetails-infocar\">\r\n\t\t<div class=\"vrc-cdetails-cgroup\">\r\n\t\t\t<h4 class=\"vrc-car-name\">Opel Corsa<\/h4>\r\n\t\t\t<span class=\"vrclistcarcat\">Automatic Cars Diesel<\/span>\r\n\t\t<\/div>\r\n\t\t<div class=\"vrc-cdetails-cardesc\">\r\n\t\t<p>5 Passagiere<\/p>\n<p>5 T\u00fcren<\/p>\n<p>Automatische \u00dcbertragung<\/p>\n<p>Klimaanlage<\/p>\n<p>Kilometerstand: Unbegrenzt<\/p>\n<p>Versicherung: Voll<\/p>\n\t\t<\/div>\r\n\t\t\t\t<div class=\"vrc-cdetails-cost vrc-pref-color-text\">\r\n\t\t\t<span class=\"vrcliststartfrom\">ab<\/span>\r\n\t\t\t<span class=\"car_cost\"><span class=\"vrc_currency\">\u20ac<\/span> <span class=\"vrc_price\">50.00<\/span><\/span>\r\n\t\t<\/div>\r\n\t\t\t<\/div>\r\n<\/div>\r\n<div class=\"vrc-car-carats\">\r\n\t<div class=\"vrccaratsdiv\"><div class=\"vrccarcarat\"><span class=\"vrc-carat-cont\"><span class=\"vrc-expl\" data-vrc-expl=\"5 Doors\"><img decoding=\"async\" src=\"https:\/\/www.rhodesrentalcar.com\/wp-content\/plugins\/vikrentcar\/admin\/resources\/car-door-2.png\" alt=\"5 Doors\" \/><\/span><\/span>\n<\/div><div class=\"vrccarcarat\"><span class=\"vrc-carat-cont\"><span class=\"vrc-expl\" data-vrc-expl=\"5 Passengers\"><img decoding=\"async\" src=\"https:\/\/www.rhodesrentalcar.com\/wp-content\/plugins\/vikrentcar\/admin\/resources\/2passenger-2.png\" alt=\"5 Passengers\" \/><\/span><\/span>\n<\/div><div class=\"vrccarcarat\"><span class=\"vrc-carat-cont\"><span class=\"vrc-expl\" data-vrc-expl=\"Automatic\"><img decoding=\"async\" src=\"https:\/\/www.rhodesrentalcar.com\/wp-content\/plugins\/vikrentcar\/admin\/resources\/automatic-transmission-2.png\" alt=\"Automatic\" \/><\/span><\/span>\n<\/div><div class=\"vrccarcarat\"><span class=\"vrc-carat-cont\"><span class=\"vrc-expl\" data-vrc-expl=\"Diesel\"><img decoding=\"async\" src=\"https:\/\/www.rhodesrentalcar.com\/wp-content\/plugins\/vikrentcar\/admin\/resources\/pterol-diesel-2.png\" alt=\"Diesel\" \/><\/span><\/span>\n<\/div><div class=\"vrccarcarat\"><span class=\"vrc-carat-cont\"><span class=\"vrc-expl\" data-vrc-expl=\"Air conditioning available\"><img decoding=\"async\" src=\"https:\/\/www.rhodesrentalcar.com\/wp-content\/plugins\/vikrentcar\/admin\/resources\/air-conditioning-2.png\" alt=\"Air Conditioning\" \/><\/span><\/span>\n<\/div><\/div>\n<\/div>\r\n<div class=\"vrc-avcals-container\">\r\n<\/div>\r\n\r\n<div class=\"vrc-cardetails-book-wrap\">\r\n\t<h4>W\u00e4hle die Daten f\u00fcr Abholung und R\u00fcckgabe<\/h4>\r\n<div class=\"vrcdivsearch\"><div class=\"vrcdivsearch-inner\"><form action=\"https:\/\/www.rhodesrentalcar.com\/de\/opel-corsa\/?option=com_vikrentcar\" method=\"post\" onsubmit=\"return vrcValidateSearch();\">\n<input type=\"hidden\" name=\"option\" value=\"com_vikrentcar\"\/>\n<input type=\"hidden\" name=\"task\" value=\"search\"\/>\n<input type=\"hidden\" name=\"cardetail\" value=\"9\"\/>\n<div class=\"vrc-searchf-section-locations\">\n<div class=\"vrcsfentrycont\"><label for=\"place\">Abholort<\/label><div class=\"vrcsfentryselect\"><select name=\"place\" id=\"place\"><option value=\"1\" id=\"place1\">Rhodes International Airport<\/option>\n<option value=\"3\" id=\"place3\">Akti Imperial Hotel<\/option>\n<option value=\"8\" id=\"place8\">Olympic Palace Hotel<\/option>\n<option value=\"27\" id=\"place27\">Return Same Location<\/option>\n<option value=\"2\" id=\"place2\">Rhodes Tourist Port<\/option>\n<option value=\"4\" id=\"place4\">Dionysos Hotel<\/option>\n<option value=\"5\" id=\"place5\">Oceanis Hotel<\/option>\n<option value=\"6\" id=\"place6\">Rhodes Bay Hotel<\/option>\n<option value=\"7\" id=\"place7\">Ocean Park Hotel<\/option>\n<option value=\"23\" id=\"place23\">Atrium Platinum Resort Hotel<\/option>\n<option value=\"40\" id=\"place40\">Grand Hotel<\/option>\n<option value=\"9\" id=\"place9\">Sheraton Hotel<\/option>\n<option value=\"10\" id=\"place10\">Lidia Hotel<\/option>\n<option value=\"11\" id=\"place11\">Nikos Ikies Hotel<\/option>\n<option value=\"12\" id=\"place12\">Alila Hotel<\/option>\n<option value=\"13\" id=\"place13\">La Marquise Hotel<\/option>\n<option value=\"14\" id=\"place14\">Amada Colossos Hotel<\/option>\n<option value=\"15\" id=\"place15\">Esperos Village Hotel<\/option>\n<option value=\"16\" id=\"place16\">Sunny Days Hotel<\/option>\n<option value=\"17\" id=\"place17\">Miramare Hotel<\/option>\n<option value=\"18\" id=\"place18\">Elysium Resort & Spa<\/option>\n<option value=\"19\" id=\"place19\">Avra Beach Resort<\/option>\n<option value=\"20\" id=\"place20\">Lito Hotel<\/option>\n<option value=\"21\" id=\"place21\">Belair Beach Hotel<\/option>\n<option value=\"22\" id=\"place22\">Rodos Palace Hotel<\/option>\n<option value=\"24\" id=\"place24\">Da Romeo Restaurant<\/option>\n<option value=\"25\" id=\"place25\">El Greco Restaurant<\/option>\n<option value=\"26\" id=\"place26\">Georgia Hotel Tholos<\/option>\n<option value=\"31\" id=\"place31\">Apollo Beach<\/option>\n<option value=\"32\" id=\"place32\">Apollo Blue<\/option>\n<option value=\"33\" id=\"place33\">Atlantica Princess<\/option>\n<option value=\"34\" id=\"place34\">Atlantica Paradise Village<\/option>\n<option value=\"35\" id=\"place35\">Avra Beach Hotel<\/option>\n<option value=\"36\" id=\"place36\">Calypso Palace<\/option>\n<option value=\"37\" id=\"place37\">Blue Sky City Beach Hotel, Rhodes Town<\/option>\n<option value=\"38\" id=\"place38\">Electra Palace Hotel<\/option>\n<option value=\"39\" id=\"place39\">Eden Roc Resort Hotel<\/option>\n<option value=\"41\" id=\"place41\">Ibiscus Hotel<\/option>\n<option value=\"42\" id=\"place42\">My Way Rent a Car - Ialisou 105, office<\/option>\n<option value=\"45\" id=\"place45\">Semiramis<\/option>\n<option value=\"46\" id=\"place46\">Mitsis Faliraki Beach Hotel & Spa<\/option>\n<\/select><\/div><\/div>\n<div class=\"vrcsfentrycont\"><label for=\"returnplace\">R\u00fcckgabeort<\/label><div class=\"vrcsfentryselect\"><select name=\"returnplace\" id=\"returnplace\"><option value=\"1\" id=\"returnplace1\">Rhodes International Airport<\/option>\n<option value=\"3\" id=\"returnplace3\">Akti Imperial Hotel<\/option>\n<option value=\"8\" id=\"returnplace8\">Olympic Palace Hotel<\/option>\n<option value=\"27\" id=\"returnplace27\">Return Same Location<\/option>\n<option value=\"2\" id=\"returnplace2\">Rhodes Tourist Port<\/option>\n<option value=\"4\" id=\"returnplace4\">Dionysos Hotel<\/option>\n<option value=\"5\" id=\"returnplace5\">Oceanis Hotel<\/option>\n<option value=\"6\" id=\"returnplace6\">Rhodes Bay Hotel<\/option>\n<option value=\"7\" id=\"returnplace7\">Ocean Park Hotel<\/option>\n<option value=\"23\" id=\"returnplace23\">Atrium Platinum Resort Hotel<\/option>\n<option value=\"40\" id=\"returnplace40\">Grand Hotel<\/option>\n<option value=\"9\" id=\"returnplace9\">Sheraton Hotel<\/option>\n<option value=\"10\" id=\"returnplace10\">Lidia Hotel<\/option>\n<option value=\"11\" id=\"returnplace11\">Nikos Ikies Hotel<\/option>\n<option value=\"12\" id=\"returnplace12\">Alila Hotel<\/option>\n<option value=\"13\" id=\"returnplace13\">La Marquise Hotel<\/option>\n<option value=\"14\" id=\"returnplace14\">Amada Colossos Hotel<\/option>\n<option value=\"15\" id=\"returnplace15\">Esperos Village Hotel<\/option>\n<option value=\"16\" id=\"returnplace16\">Sunny Days Hotel<\/option>\n<option value=\"17\" id=\"returnplace17\">Miramare Hotel<\/option>\n<option value=\"18\" id=\"returnplace18\">Elysium Resort & Spa<\/option>\n<option value=\"19\" id=\"returnplace19\">Avra Beach Resort<\/option>\n<option value=\"20\" id=\"returnplace20\">Lito Hotel<\/option>\n<option value=\"21\" id=\"returnplace21\">Belair Beach Hotel<\/option>\n<option value=\"22\" id=\"returnplace22\">Rodos Palace Hotel<\/option>\n<option value=\"24\" id=\"returnplace24\">Da Romeo Restaurant<\/option>\n<option value=\"25\" id=\"returnplace25\">El Greco Restaurant<\/option>\n<option value=\"26\" id=\"returnplace26\">Georgia Hotel Tholos<\/option>\n<option value=\"31\" id=\"returnplace31\">Apollo Beach<\/option>\n<option value=\"32\" id=\"returnplace32\">Apollo Blue<\/option>\n<option value=\"33\" id=\"returnplace33\">Atlantica Princess<\/option>\n<option value=\"34\" id=\"returnplace34\">Atlantica Paradise Village<\/option>\n<option value=\"35\" id=\"returnplace35\">Avra Beach Hotel<\/option>\n<option value=\"36\" id=\"returnplace36\">Calypso Palace<\/option>\n<option value=\"37\" id=\"returnplace37\">Blue Sky City Beach Hotel, Rhodes Town<\/option>\n<option value=\"38\" id=\"returnplace38\">Electra Palace Hotel<\/option>\n<option value=\"39\" id=\"returnplace39\">Eden Roc Resort Hotel<\/option>\n<option value=\"41\" id=\"returnplace41\">Ibiscus Hotel<\/option>\n<option value=\"42\" id=\"returnplace42\">My Way Rent a Car - Ialisou 105, office<\/option>\n<option value=\"45\" id=\"returnplace45\">Semiramis<\/option>\n<option value=\"46\" id=\"returnplace46\">Mitsis Faliraki Beach Hotel & Spa<\/option>\n<\/select><\/div><\/div>\n<\/div>\n<div class=\"vrc-searchf-section-datetimes\">\n<div class=\"vrcsfentrycont\">\n\t<div class=\"vrcsfentrylabsel\">\n\t\t<label for=\"pickupdate\">Abholdatum<\/label>\n\t\t<div class=\"vrcsfentrydate\">\n\t\t\t<input type=\"text\" name=\"pickupdate\" id=\"pickupdate\" size=\"10\" autocomplete=\"off\" onfocus=\"this.blur();\" readonly\/><i class=\"far fa-calendar-alt vrc-caltrigger\"><\/i>\n\t\t<\/div>\n\t<\/div>\n\t<div class=\"vrcsfentrytime\">\n\t\t<label for=\"pickuph\">Abholzeit<\/label>\n\t\t<div class=\"vrc-sf-time-container\">\n\t\t\t<span id=\"vrccomselph\"><select id=\"pickuph\" name=\"pickuph\"><option value=\"8\">08<\/option>\n<option value=\"9\">09<\/option>\n<option value=\"10\">10<\/option>\n<option value=\"11\">11<\/option>\n<option value=\"12\">12<\/option>\n<option value=\"13\">13<\/option>\n<option value=\"14\">14<\/option>\n<option value=\"15\">15<\/option>\n<option value=\"16\">16<\/option>\n<option value=\"17\">17<\/option>\n<option value=\"18\">18<\/option>\n<option value=\"19\">19<\/option>\n<option value=\"20\">20<\/option>\n<option value=\"21\">21<\/option>\n<option value=\"22\">22<\/option>\n<\/select><\/span>\n\t\t\t<span class=\"vrctimesep\">:<\/span>\n\t\t\t<span id=\"vrccomselpm\"><select name=\"pickupm\"><option value=\"0\">00<\/option>\n<option value=\"15\" selected=\"selected\">15<\/option>\n<option value=\"30\">30<\/option>\n<option value=\"45\">45<\/option>\n<\/select><\/span>\n\t\t<\/div>\n\t<\/div>\n<\/div>\n<div class=\"vrcsfentrycont\">\n\t<div class=\"vrcsfentrylabsel\">\n\t\t<label for=\"releasedate\">R\u00fcckgabedatum<\/label>\n\t\t<div class=\"vrcsfentrydate\">\n\t\t\t<input type=\"text\" name=\"releasedate\" id=\"releasedate\" size=\"10\" autocomplete=\"off\" onfocus=\"this.blur();\" readonly\/><i class=\"far fa-calendar-alt vrc-caltrigger\"><\/i>\n\t\t<\/div>\n\t<\/div>\n\t<div class=\"vrcsfentrytime\">\n\t\t<label for=\"releaseh\">R\u00fcckgabezeit<\/label>\n\t\t<div class=\"vrc-sf-time-container\">\n\t\t\t<span id=\"vrccomseldh\"><select id=\"releaseh\" name=\"releaseh\"><option value=\"8\">08<\/option>\n<option value=\"9\">09<\/option>\n<option value=\"10\">10<\/option>\n<option value=\"11\">11<\/option>\n<option value=\"12\">12<\/option>\n<option value=\"13\">13<\/option>\n<option value=\"14\">14<\/option>\n<option value=\"15\">15<\/option>\n<option value=\"16\">16<\/option>\n<option value=\"17\">17<\/option>\n<option value=\"18\">18<\/option>\n<option value=\"19\">19<\/option>\n<option value=\"20\">20<\/option>\n<option value=\"21\">21<\/option>\n<option value=\"22\">22<\/option>\n<\/select><\/span>\n\t\t\t<span class=\"vrctimesep\">:<\/span>\n\t\t\t<span id=\"vrccomseldm\"><select name=\"releasem\"><option value=\"0\">00<\/option>\n<option value=\"15\" selected=\"selected\">15<\/option>\n<option value=\"30\">30<\/option>\n<option value=\"45\">45<\/option>\n<\/select><\/span>\n\t\t<\/div>\n\t<\/div>\n<\/div>\n<\/div>\n<div class=\"vrc-searchf-section-sbmt\"><div class=\"vrcsfentrycont\"><div class=\"vrcsfentrysubmit\"><input type=\"submit\" name=\"search\" value=\"BUCHEN SIE JETZT\" class=\"btn vrcdetbooksubmit vrc-pref-color-btn\"\/><\/div><\/div>\n<\/div>\n<\/form><\/div><\/div>\t<script type=\"text\/javascript\">\r\n\tfunction vrcCleanNumber(snum) {\r\n\t\tif (snum.length > 1 && snum.substr(0, 1) == '0') {\r\n\t\t\treturn parseInt(snum.substr(1));\r\n\t\t}\r\n\t\treturn parseInt(snum);\r\n\t}\r\n\r\n\tfunction vrcFormatTime(h, m) {\r\n\t\tvar time_format = 'H:i';\r\n\t\tvar time_ftfour = (time_format == 'H:i');\r\n\t\tvar time_ampm = '';\r\n\t\tif (!time_ftfour) {\r\n\t\t\tif (h >= 12 && h < 24) {\r\n\t\t\t\ttime_ampm = ' PM';\r\n\t\t\t\tif (h > 12) {\r\n\t\t\t\t\th -= 12;\r\n\t\t\t\t}\r\n\t\t\t} else {\r\n\t\t\t\ttime_ampm = ' AM';\r\n\t\t\t}\r\n\t\t}\r\n\t\treturn (h < 10 ? ('0' + h) : h) + ':' + ((m < 10 ? ('0' + m) : m)) + time_ampm;\r\n\t}\r\n\r\n\tfunction vrcValidateSearch() {\r\n\t\tif (typeof jQuery === 'undefined' || typeof vrc_wopening_pick === 'undefined') {\r\n\t\t\treturn true;\r\n\t\t}\r\n\t\tif (vrc_mopening_pick !== null) {\r\n\t\t\t\/\/ pickup time\r\n\t\t\tvar pickh = jQuery('#vrccomselph').find('select').val();\r\n\t\t\tvar pickm = jQuery('#vrccomselpm').find('select').val();\r\n\t\t\tif (!pickh || !pickh.length || !pickm) {\r\n\t\t\t\treturn true;\r\n\t\t\t}\r\n\t\t\tpickh = vrcCleanNumber(pickh);\r\n\t\t\tpickm = vrcCleanNumber(pickm);\r\n\t\t\tif (pickh == vrc_mopening_pick[0]) {\r\n\t\t\t\tif (pickm < vrc_mopening_pick[1]) {\r\n\t\t\t\t\t\/\/ location is still closed at this time\r\n\t\t\t\t\tjQuery('#vrccomselpm').find('select').html('<option value=\"'+vrc_mopening_pick[1]+'\">'+(vrc_mopening_pick[1] < 10 ? '0'+vrc_mopening_pick[1] : vrc_mopening_pick[1])+'<\/option>').val(vrc_mopening_pick[1]);\r\n\t\t\t\t\talert(Joomla.JText._('VRC_LOC_WILL_OPEN_TIME').replace('%s', vrcFormatTime(vrc_mopening_pick[0], vrc_mopening_pick[1])));\r\n\t\t\t\t\t\/\/ do not return false as we are overwriting the pickup time\r\n\t\t\t\t\t\/\/ return false;\r\n\t\t\t\t}\r\n\t\t\t}\r\n\t\t\tif (pickh == vrc_mopening_pick[2]) {\r\n\t\t\t\tif (pickm > vrc_mopening_pick[3]) {\r\n\t\t\t\t\t\/\/ location is already closed at this time for a pick up\r\n\t\t\t\t\tjQuery('#vrccomselpm').find('select').html('<option value=\"'+vrc_mopening_pick[3]+'\">'+(vrc_mopening_pick[3] < 10 ? '0'+vrc_mopening_pick[3] : vrc_mopening_pick[3])+'<\/option>').val(vrc_mopening_pick[3]);\r\n\t\t\t\t\talert(Joomla.JText._('VRC_LOC_WILL_CLOSE_TIME').replace('%s', vrcFormatTime(vrc_mopening_pick[2], vrc_mopening_pick[3])));\r\n\t\t\t\t\t\/\/ do not return false as we are overwriting the pickup time\r\n\t\t\t\t\t\/\/ return false;\r\n\t\t\t\t}\r\n\t\t\t}\r\n\t\t\t\/\/ check for breaks\r\n\t\t\tif (vrc_mopening_pick[4] && vrc_mopening_pick[4].length) {\r\n\t\t\t\tfor (var b = 0; b < vrc_mopening_pick[4].length; b++) {\r\n\t\t\t\t\tif (!vrc_mopening_pick[4][b].hasOwnProperty('fh')) {\r\n\t\t\t\t\t\tcontinue;\r\n\t\t\t\t\t}\r\n\t\t\t\t\tvar break_mess = Joomla.JText._('VRC_PICKLOC_IS_ON_BREAK_TIME_FROM_TO')\r\n\t\t\t\t\t\t.replace('%s', vrcFormatTime(vrc_mopening_pick[4][b]['fh'], vrc_mopening_pick[4][b]['fm']))\r\n\t\t\t\t\t\t.replace('%s', vrcFormatTime(vrc_mopening_pick[4][b]['th'], vrc_mopening_pick[4][b]['tm']));\r\n\t\t\t\t\tvar break_from_secs = (vrc_mopening_pick[4][b]['fh'] * 3600) + (vrc_mopening_pick[4][b]['fm'] * 60);\r\n\t\t\t\t\tvar break_to_secs = (vrc_mopening_pick[4][b]['th'] * 3600) + (vrc_mopening_pick[4][b]['tm'] * 60);\r\n\t\t\t\t\tvar pick_secs = (pickh * 3600) + (pickm * 60);\r\n\t\t\t\t\tif (pick_secs > break_from_secs && pick_secs < break_to_secs) {\r\n\t\t\t\t\t\t\/\/ the location is on break at this time\r\n\t\t\t\t\t\talert(break_mess);\r\n\t\t\t\t\t\treturn false;\r\n\t\t\t\t\t} else if (vrc_mopening_pick[4][b]['fh'] > vrc_mopening_pick[4][b]['th'] && pick_secs < break_from_secs && pick_secs < break_to_secs) {\r\n\t\t\t\t\t\t\/\/ overnight break, with time after midnight\r\n\t\t\t\t\t\talert(break_mess);\r\n\t\t\t\t\t\treturn false;\r\n\t\t\t\t\t} else if (vrc_mopening_pick[4][b]['fh'] > vrc_mopening_pick[4][b]['th'] && pick_secs > break_from_secs && pick_secs > break_to_secs) {\r\n\t\t\t\t\t\t\/\/ overnight break, with time before midnight\r\n\t\t\t\t\t\talert(break_mess);\r\n\t\t\t\t\t\treturn false;\r\n\t\t\t\t\t}\r\n\t\t\t\t}\r\n\t\t\t}\r\n\t\t}\r\n\r\n\t\tif (vrc_mopening_drop !== null) {\r\n\t\t\t\/\/ dropoff time\r\n\t\t\tvar droph = jQuery('#vrccomseldh').find('select').val();\r\n\t\t\tvar dropm = jQuery('#vrccomseldm').find('select').val();\r\n\t\t\tif (!droph || !droph.length || !dropm) {\r\n\t\t\t\treturn true;\r\n\t\t\t}\r\n\t\t\tdroph = vrcCleanNumber(droph);\r\n\t\t\tdropm = vrcCleanNumber(dropm);\r\n\t\t\tif (droph == vrc_mopening_drop[0]) {\r\n\t\t\t\tif (dropm > vrc_mopening_drop[1]) {\r\n\t\t\t\t\t\/\/ location is already closed at this time\r\n\t\t\t\t\tjQuery('#vrccomseldm').find('select').html('<option value=\"'+vrc_mopening_drop[1]+'\">'+(vrc_mopening_drop[1] < 10 ? '0'+vrc_mopening_drop[1] : vrc_mopening_drop[1])+'<\/option>').val(vrc_mopening_drop[1]);\r\n\t\t\t\t\talert(Joomla.JText._('VRC_LOC_WILL_CLOSE_TIME').replace('%s', vrcFormatTime(vrc_mopening_drop[0], vrc_mopening_drop[1])));\r\n\t\t\t\t\t\/\/ do not return false as we are overwriting the drop off time\r\n\t\t\t\t\t\/\/ return false;\r\n\t\t\t\t}\r\n\t\t\t}\r\n\t\t\tif (droph == vrc_mopening_drop[2]) {\r\n\t\t\t\tif (dropm < vrc_mopening_drop[3]) {\r\n\t\t\t\t\t\/\/ location is still closed at this time for a drop off\r\n\t\t\t\t\tjQuery('#vrccomseldm').find('select').html('<option value=\"'+vrc_mopening_drop[3]+'\">'+(vrc_mopening_drop[3] < 10 ? '0'+vrc_mopening_drop[3] : vrc_mopening_drop[3])+'<\/option>').val(vrc_mopening_drop[3]);\r\n\t\t\t\t\talert(Joomla.JText._('VRC_LOC_WILL_OPEN_TIME').replace('%s', vrcFormatTime(vrc_mopening_drop[2], vrc_mopening_drop[3])));\r\n\t\t\t\t\t\/\/ do not return false as we are overwriting the drop off time\r\n\t\t\t\t\t\/\/ return false;\r\n\t\t\t\t}\r\n\t\t\t}\r\n\t\t\t\/\/ check for breaks\r\n\t\t\tif (vrc_mopening_drop[4] && vrc_mopening_drop[4].length) {\r\n\t\t\t\tfor (var b = 0; b < vrc_mopening_drop[4].length; b++) {\r\n\t\t\t\t\tif (!vrc_mopening_drop[4][b].hasOwnProperty('fh')) {\r\n\t\t\t\t\t\tcontinue;\r\n\t\t\t\t\t}\r\n\t\t\t\t\tvar break_mess = Joomla.JText._('VRC_DROPLOC_IS_ON_BREAK_TIME_FROM_TO')\r\n\t\t\t\t\t\t.replace('%s', vrcFormatTime(vrc_mopening_drop[4][b]['fh'], vrc_mopening_drop[4][b]['fm']))\r\n\t\t\t\t\t\t.replace('%s', vrcFormatTime(vrc_mopening_drop[4][b]['th'], vrc_mopening_drop[4][b]['tm']));\r\n\t\t\t\t\tvar break_from_secs = (vrc_mopening_drop[4][b]['fh'] * 3600) + (vrc_mopening_drop[4][b]['fm'] * 60);\r\n\t\t\t\t\tvar break_to_secs = (vrc_mopening_drop[4][b]['th'] * 3600) + (vrc_mopening_drop[4][b]['tm'] * 60);\r\n\t\t\t\t\tvar drop_secs = (droph * 3600) + (dropm * 60);\r\n\t\t\t\t\tif (drop_secs > break_from_secs && drop_secs < break_to_secs) {\r\n\t\t\t\t\t\t\/\/ the location is on break at this time\r\n\t\t\t\t\t\talert(break_mess);\r\n\t\t\t\t\t\treturn false;\r\n\t\t\t\t\t} else if (vrc_mopening_drop[4][b]['fh'] > vrc_mopening_drop[4][b]['th'] && drop_secs < break_from_secs && drop_secs < break_to_secs) {\r\n\t\t\t\t\t\t\/\/ overnight break, with time after midnight\r\n\t\t\t\t\t\talert(break_mess);\r\n\t\t\t\t\t\treturn false;\r\n\t\t\t\t\t} else if (vrc_mopening_drop[4][b]['fh'] > vrc_mopening_drop[4][b]['th'] && drop_secs > break_from_secs && drop_secs > break_to_secs) {\r\n\t\t\t\t\t\t\/\/ overnight break, with time before midnight\r\n\t\t\t\t\t\talert(break_mess);\r\n\t\t\t\t\t\treturn false;\r\n\t\t\t\t\t}\r\n\t\t\t\t}\r\n\t\t\t}\r\n\t\t}\r\n\r\n\t\treturn true;\r\n\t}\r\n\r\n\tjQuery(function() {\r\n\t\r\n\t\tjQuery(document.body).on('click', '.vrc-cdetails-cal-pickday', function() {\r\n\t\t\tif (!jQuery(\"#pickupdate\").length || jQuery(this).parent('td').hasClass('vrctdpast')) {\r\n\t\t\t\treturn;\r\n\t\t\t}\r\n\t\t\tvar tdday = jQuery(this).attr('data-daydate');\r\n\t\t\tvar tdymd = jQuery(this).attr('data-ymd');\r\n\t\t\tif (!tdday || !tdymd) {\r\n\t\t\t\treturn;\r\n\t\t\t}\r\n\t\t\t\/\/ make sure the clicked date is not disabled\r\n\t\t\tif (typeof jQuery('#pickupdate').datepicker('option', 'beforeShowDay') === 'function') {\r\n\t\t\t\t\/\/ let the datepicker validate the clicked day\r\n\t\t\t\tlet ymd_parts = tdymd.split('-');\r\n\t\t\t\tlet ymd_object = new Date(ymd_parts[0], ymd_parts[1] - 1, ymd_parts[2], 0, 0, 0, 0);\r\n\t\t\t\tif (!jQuery('#pickupdate').datepicker('option', 'beforeShowDay')(ymd_object)[0]) {\r\n\t\t\t\t\treturn;\r\n\t\t\t\t}\r\n\t\t\t}\r\n\t\t\t\/\/ set pick-up date in datepicker\r\n\t\t\tjQuery('#pickupdate').datepicker('setDate', tdday);\r\n\t\t\t\/\/ animate to datepickers position\r\n\t\t\tif (jQuery(\"#vrc-bookingpart-init\").length) {\r\n\t\t\t\tjQuery('html,body').animate({\r\n\t\t\t\t\tscrollTop: (jQuery('#vrc-bookingpart-init').offset().top - 5)\r\n\t\t\t\t}, 600, function() {\r\n\t\t\t\t\t\/\/ animation-complete callback should simulate the onSelect event of the pick-up datepicker\r\n\t\t\t\t\tif (typeof vrcSetMinDropoffDate !== \"undefined\") {\r\n\t\t\t\t\t\tvrcSetMinDropoffDate();\r\n\t\t\t\t\t}\r\n\t\t\t\t\tif (typeof vrcLocationWopening !== \"undefined\") {\r\n\t\t\t\t\t\tvrcLocationWopening('pickup');\r\n\t\t\t\t\t}\r\n\t\t\t\t\t\/\/ give focus to drop-off datepicker\r\n\t\t\t\t\tjQuery('#releasedate').focus();\r\n\t\t\t\t});\r\n\t\t\t}\r\n\t\t});\r\n\t});\r\n\t<\/script>\r\n\t<\/div>\r\n\n<\/div>\n\n","protected":false},"excerpt":{"rendered":"<p>Opel Corsa Automatic Cars Diesel 5 Passagiere 5 T\u00fcren Automatische \u00dcbertragung Klimaanlage Kilometerstand: Unbegrenzt Versicherung: Voll ab \u20ac 50.00 W\u00e4hle die Daten f\u00fcr Abholung und R\u00fcckgabe AbholortRhodes International Airport Akti Imperial Hotel Olympic Palace Hotel Return Same Location Rhodes Tourist Port Dionysos Hotel Oceanis Hotel Rhodes Bay Hotel Ocean Park Hotel Atrium Platinum Resort Hotel&hellip;<\/p>\n","protected":false},"author":1,"featured_media":0,"parent":0,"menu_order":0,"comment_status":"closed","ping_status":"closed","template":"","meta":{"_monsterinsights_skip_tracking":false,"_monsterinsights_sitenote_active":false,"_monsterinsights_sitenote_note":"","_monsterinsights_sitenote_category":0,"footnotes":""},"class_list":["post-16513","page","type-page","status-publish","hentry","description-off"],"aioseo_notices":[],"_links":{"self":[{"href":"https:\/\/www.rhodesrentalcar.com\/de\/wp-json\/wp\/v2\/pages\/16513","targetHints":{"allow":["GET"]}}],"collection":[{"href":"https:\/\/www.rhodesrentalcar.com\/de\/wp-json\/wp\/v2\/pages"}],"about":[{"href":"https:\/\/www.rhodesrentalcar.com\/de\/wp-json\/wp\/v2\/types\/page"}],"author":[{"embeddable":true,"href":"https:\/\/www.rhodesrentalcar.com\/de\/wp-json\/wp\/v2\/users\/1"}],"replies":[{"embeddable":true,"href":"https:\/\/www.rhodesrentalcar.com\/de\/wp-json\/wp\/v2\/comments?post=16513"}],"version-history":[{"count":0,"href":"https:\/\/www.rhodesrentalcar.com\/de\/wp-json\/wp\/v2\/pages\/16513\/revisions"}],"wp:attachment":[{"href":"https:\/\/www.rhodesrentalcar.com\/de\/wp-json\/wp\/v2\/media?parent=16513"}],"curies":[{"name":"wp","href":"https:\/\/api.w.org\/{rel}","templated":true}]}}