{"id":17436,"date":"2025-01-15T21:54:15","date_gmt":"2025-01-15T19:54:15","guid":{"rendered":"https:\/\/www.rhodesrentalcar.com\/datenschutzbestimmungen\/"},"modified":"2025-01-15T21:54:15","modified_gmt":"2025-01-15T19:54:15","slug":"datenschutzbestimmungen","status":"publish","type":"page","link":"https:\/\/www.rhodesrentalcar.com\/de\/datenschutzbestimmungen\/","title":{"rendered":"Datenschutzbestimmungen"},"content":{"rendered":"\n<h1 class=\"has-text-align-center wp-block-heading\">Datenschutzbestimmungen<\/h1>\n\n<p>MY WAY RENT A CAR verpflichtet sich, Ihre Privatsph\u00e4re zu sch\u00fctzen. In dieser Datenschutzerkl\u00e4rung wird erl\u00e4utert, wie Ihre pers\u00f6nlichen Daten von MY WAY RENT A CAR erfasst, verwendet und weitergegeben werden.<br\/>Diese Datenschutzerkl\u00e4rung gilt f\u00fcr unsere Website und die zugeh\u00f6rigen Subdomains (zusammenfassend unser \"Service\") sowie f\u00fcr unsere Anwendung MY WAY RENT A CAR. Indem Sie auf unseren Service zugreifen oder ihn nutzen, erkl\u00e4ren Sie, dass Sie die Sammlung, Speicherung, Verwendung und Weitergabe Ihrer pers\u00f6nlichen Daten, wie in dieser Datenschutzrichtlinie und unseren Nutzungsbedingungen beschrieben, gelesen und verstanden haben und damit einverstanden sind.  <\/p>\n\n<p><strong>Definitionen und Schl\u00fcsselbegriffe<\/strong><br\/>Um die Dinge in dieser Datenschutzrichtlinie so klar wie m\u00f6glich zu erkl\u00e4ren, werden alle Begriffe, auf die Bezug genommen wird, wie folgt definiert:<br\/>Cookie: kleine Datenmenge, die von einer Website erzeugt und von Ihrem Webbrowser gespeichert wird. Sie werden verwendet, um Ihren Browser zu identifizieren, Analysen zu erstellen und sich an Informationen \u00fcber Sie zu erinnern, wie z.B. Ihre Sprachpr\u00e4ferenz oder Ihre Anmeldeinformationen. <br\/>Unternehmen: Wenn in dieser Richtlinie von MY WAY RENT A CAR, Ialyssos Avenue 105, Rhodos Griechenland, die Rede ist, so bezieht sich dies auf die Firma, die f\u00fcr Ihre Daten im Rahmen dieser Datenschutzrichtlinie verantwortlich ist.<br\/>Land: das Land, in dem MY WAY RENT A CAR oder die Eigent\u00fcmer\/Gr\u00fcnder von MY WAY RENT A CAR ihren Sitz haben, in diesem Fall GRIECHENLAND<br\/>Kunde: bezieht sich auf das Unternehmen, die Organisation oder die Person, die sich f\u00fcr die Nutzung des MY WAY RENT A CAR Service anmeldet, um die Beziehungen zu Ihren Kunden oder Dienstleistungsnutzern zu verwalten.<br\/>Ger\u00e4t: jedes mit dem Internet verbundene Ger\u00e4t, wie z.B. ein Telefon, ein Tablet, ein Computer oder jedes andere Ger\u00e4t, mit dem Sie MY WAY RENT A CAR besuchen und die Dienste nutzen k\u00f6nnen.<br\/>IP-Adresse: Jedem Ger\u00e4t, das mit dem Internet verbunden ist, wird eine Nummer zugewiesen, die als Internet-Protokoll-Adresse (IP) bezeichnet wird. Diese Nummern werden normalerweise in geografischen Bl\u00f6cken vergeben. Eine IP-Adresse kann oft dazu verwendet werden, den Standort zu identifizieren, von dem aus sich ein Ger\u00e4t mit dem Internet verbindet.  <br\/>Personal: bezieht sich auf die Personen, die bei MY WAY RENT A CAR angestellt sind oder unter Vertrag stehen, um eine Dienstleistung im Namen einer der Parteien zu erbringen.<br\/>Personenbezogene Daten: alle Informationen, die direkt, indirekt oder in Verbindung mit anderen Informationen - einschlie\u00dflich einer pers\u00f6nlichen Identifikationsnummer - die Identifizierung oder Identifizierbarkeit einer nat\u00fcrlichen Person erm\u00f6glichen.<br\/>Service: bezieht sich auf den von MY WAY RENT A CAR bereitgestellten Service, wie er in den entsprechenden Bedingungen (falls verf\u00fcgbar) und auf dieser Plattform beschrieben ist.<br\/>Dienste Dritter: bezieht sich auf Werbetreibende, Sponsoren von Wettbewerben, Werbe- und Marketingpartner und andere, die unsere Inhalte zur Verf\u00fcgung stellen oder deren Produkte oder Dienstleistungen Sie unserer Meinung nach interessieren k\u00f6nnten.<br\/>Website: Die Website von MY WAY RENT A CAR, auf die Sie \u00fcber diese URL zugreifen k\u00f6nnen: www.rhodesrentalcar.com<br\/>Sie: eine nat\u00fcrliche oder juristische Person, die bei MY WAY RENT A CAR f\u00fcr die Nutzung der Dienste registriert ist.<\/p>\n\n<p>MY WAY RENT A CAR verpflichtet sich, Ihre Privatsph\u00e4re zu sch\u00fctzen. In dieser Datenschutzerkl\u00e4rung wird erl\u00e4utert, wie Ihre pers\u00f6nlichen Daten von MY WAY RENT A CAR erfasst, verwendet und weitergegeben werden.<br\/>Diese Datenschutzerkl\u00e4rung gilt f\u00fcr unsere Website und die zugeh\u00f6rigen Subdomains (zusammenfassend unser \"Service\") sowie f\u00fcr unsere Anwendung MY WAY RENT A CAR. Indem Sie auf unseren Service zugreifen oder ihn nutzen, erkl\u00e4ren Sie, dass Sie die Sammlung, Speicherung, Verwendung und Weitergabe Ihrer pers\u00f6nlichen Daten, wie in dieser Datenschutzrichtlinie und unseren Nutzungsbedingungen beschrieben, gelesen und verstanden haben und damit einverstanden sind.  <\/p>\n\n<p><strong>Automatisch erfasste Informationen<\/strong><br\/>Es gibt einige Informationen wie Ihre Internetprotokoll-Adresse (IP) und\/oder Browser- und Ger\u00e4teeigenschaften, die automatisch erfasst werden, wenn Sie unsere Plattform besuchen. Diese Informationen k\u00f6nnen verwendet werden, um Ihren Computer mit dem Internet zu verbinden. Andere automatisch gesammelte Informationen k\u00f6nnen ein Login, eine E-Mail-Adresse, ein Passwort, Computer- und Verbindungsinformationen wie Browser-Plug-in-Typen und -Versionen und Zeitzoneneinstellungen, Betriebssysteme und Plattformen, Kaufhistorie (die wir manchmal mit \u00e4hnlichen Informationen von anderen Nutzern zusammenfassen), der vollst\u00e4ndige Uniform Resource Locator (URL) Clickstream zu, durch und von unserer Website, der Datum und Uhrzeit enthalten kann, die Cookie-Nummer, Teile der Website, die Sie angesehen oder nach denen Sie gesucht haben, und die Telefonnummer, die Sie verwendet haben, um unseren Kundendienst anzurufen. Wir k\u00f6nnen auch Browserdaten wie Cookies, Flash-Cookies (auch bekannt als Flash Local Shared Objects) oder \u00e4hnliche Daten auf bestimmten Teilen unserer Website zur Betrugsbek\u00e4mpfung und f\u00fcr andere Zwecke verwenden. W\u00e4hrend Ihrer Besuche k\u00f6nnen wir Software-Tools wie JavaScript verwenden, um Sitzungsdaten zu messen und zu sammeln, einschlie\u00dflich der Antwortzeiten auf Seiten, Download-Fehler, Dauer der Besuche auf bestimmten Seiten, Informationen \u00fcber die Interaktion auf der Seite (wie Scrollen, Klicks und Mouse-Overs) und Methoden, um die Seite zu verlassen. Wir k\u00f6nnen auch technische Informationen sammeln, die uns helfen, Ihr Ger\u00e4t zu identifizieren, um Betrug vorzubeugen und Diagnosen zu stellen.<br\/>Wir sammeln automatisch bestimmte Informationen, wenn Sie die Plattform besuchen, nutzen oder darin navigieren. Diese Informationen geben keinen Aufschluss \u00fcber Ihre Identit\u00e4t (wie z.B. Ihren Namen oder Ihre Kontaktdaten), k\u00f6nnen aber Ger\u00e4te- und Nutzungsinformationen enthalten, wie z.B. Ihre IP-Adresse, Browser- und Ger\u00e4teeigenschaften, Betriebssystem, Spracheinstellungen, verweisende URLs, Ger\u00e4tename, Land, Standort, Informationen dar\u00fcber, wer und wann Sie unsere und andere technische Informationen nutzen. Diese Informationen werden in erster Linie ben\u00f6tigt, um die Sicherheit und den Betrieb unserer Plattform aufrechtzuerhalten sowie f\u00fcr unsere internen Analyse- und Berichtszwecke.       <\/p>\n\n<p><strong>Personal<\/strong><br\/>Wenn Sie ein Mitarbeiter oder Bewerber von MY WAY RENT A CAR sind, sammeln wir Informationen, die Sie uns freiwillig zur Verf\u00fcgung stellen. Wir verwenden die gesammelten Informationen f\u00fcr Zwecke der Personalabteilung, um Leistungen f\u00fcr Arbeitnehmer zu verwalten und Bewerber zu pr\u00fcfen.<br\/>Sie k\u00f6nnen uns kontaktieren, um (1) Ihre Informationen zu aktualisieren oder zu korrigieren, (2) Ihre Pr\u00e4ferenzen in Bezug auf Mitteilungen und andere Informationen, die Sie von uns erhalten, zu \u00e4ndern oder (3) eine Aufzeichnung der Informationen zu erhalten, die wir \u00fcber Sie haben. Solche Aktualisierungen, Korrekturen, \u00c4nderungen und L\u00f6schungen haben keine Auswirkungen auf andere Informationen, die wir aufbewahren, oder auf Informationen, die wir in \u00dcbereinstimmung mit dieser Datenschutzrichtlinie vor einer solchen Aktualisierung, Korrektur, \u00c4nderung oder L\u00f6schung an Dritte weitergegeben haben.  <\/p>\n\n<p><strong>Verkauf des Unternehmens<\/strong><br\/>Wir behalten uns das Recht vor, im Falle eines Verkaufs, einer Fusion oder einer sonstigen \u00dcbertragung aller oder im Wesentlichen aller Verm\u00f6genswerte von MY WAY RENT A CAR oder einer seiner Konzerngesellschaften (wie hierin definiert) oder des Teils von MY WAY RENT A CAR oder einer seiner Konzerngesellschaften, auf den sich der Dienst bezieht, Informationen an einen Dritten zu \u00fcbertragen, oder f\u00fcr den Fall, dass wir unsere Gesch\u00e4ftst\u00e4tigkeit einstellen oder einen Antrag auf Konkurs, Reorganisation oder ein \u00e4hnliches Verfahren gegen uns stellen oder gestellt haben, vorausgesetzt, der Dritte erkl\u00e4rt sich damit einverstanden, die Bedingungen dieser Datenschutzrichtlinie einzuhalten.<\/p>\n\n<p><strong>Geltendes Recht<\/strong><br\/>Diese Datenschutzrichtlinie unterliegt den Gesetzen von GRIECHENLAND unter Ausschluss der Bestimmungen des Kollisionsrechts. Sie erkl\u00e4ren sich mit der ausschlie\u00dflichen Zust\u00e4ndigkeit der Gerichte in Verbindung mit Klagen oder Streitigkeiten, die zwischen den Parteien im Rahmen oder in Verbindung mit dieser Datenschutzrichtlinie entstehen, einverstanden, mit Ausnahme der Personen, die m\u00f6glicherweise Anspr\u00fcche im Rahmen des Privacy Shield oder des schweizerisch-amerikanischen Rahmens geltend machen k\u00f6nnen.<br\/>F\u00fcr diese Vereinbarung und Ihre Nutzung der Website gilt das Recht von GRIECHENLAND unter Ausschluss der Kollisionsnormen des Rechts. Ihre Nutzung der Website kann auch anderen lokalen, bundesstaatlichen, nationalen oder internationalen Gesetzen unterliegen.<br\/>Indem Sie MY WAY RENT A CAR nutzen oder uns direkt kontaktieren, erkl\u00e4ren Sie sich mit dieser Datenschutzrichtlinie einverstanden. Wenn Sie mit dieser Datenschutzrichtlinie nicht einverstanden sind, sollten Sie unsere Website nicht nutzen oder unsere Dienste in Anspruch nehmen. Die fortgesetzte Nutzung der Website, die direkte Kontaktaufnahme mit uns oder die Bekanntgabe von \u00c4nderungen dieser Datenschutzbestimmungen, die keine wesentlichen Auswirkungen auf die Nutzung oder Weitergabe Ihrer pers\u00f6nlichen Daten haben, bedeutet, dass Sie diese \u00c4nderungen akzeptieren.    <\/p>\n\n<p><strong>Ihr Einverst\u00e4ndnis<\/strong><br\/>Wir haben unsere Datenschutzrichtlinie aktualisiert, um Ihnen vollst\u00e4ndige Transparenz dar\u00fcber zu bieten, welche Daten beim Besuch unserer Website erfasst und wie sie verwendet werden. Durch die Nutzung von MY WAY RENT A CAR, die Registrierung eines Kontos oder einen Kauf erkl\u00e4ren Sie sich mit unserer Datenschutzrichtlinie einverstanden und stimmen deren Bedingungen zu. <\/p>\n\n<p><strong>Links zu anderen Websites<\/strong><br\/>Diese Datenschutzrichtlinie gilt nur f\u00fcr die Dienste. Die Dienste k\u00f6nnen Links zu anderen Websites enthalten, die nicht von MY WAY RENT A CAR betrieben oder kontrolliert werden. Wir sind nicht verantwortlich f\u00fcr den Inhalt, die Richtigkeit oder die Meinungen, die auf solchen Websites ge\u00e4u\u00dfert werden, und solche Websites werden von uns nicht untersucht, \u00fcberwacht oder auf Richtigkeit oder Vollst\u00e4ndigkeit gepr\u00fcft. Bitte denken Sie daran, dass unsere Datenschutzrichtlinie nicht mehr gilt, wenn Sie \u00fcber einen Link von den Diensten zu einer anderen Website wechseln. Ihr Surfen und Ihre Interaktion auf einer anderen Website, einschlie\u00dflich derer, die einen Link auf unserer Plattform haben, unterliegt den eigenen Regeln und Richtlinien dieser Website. Solche Drittanbieter k\u00f6nnen ihre eigenen Cookies oder andere Methoden verwenden, um Informationen \u00fcber Sie zu sammeln.     <\/p>\n\n<p><strong>Cookies<\/strong><br\/>MY WAY RENT A CAR verwendet \"Cookies\", um die Bereiche unserer Website zu identifizieren, die Sie besucht haben. Ein Cookie ist ein kleiner Datensatz, der von Ihrem Webbrowser auf Ihrem Computer oder Mobilger\u00e4t gespeichert wird. Wir verwenden Cookies, um die Leistung und Funktionalit\u00e4t unserer Website zu verbessern, aber sie sind f\u00fcr die Nutzung nicht unbedingt erforderlich. Ohne diese Cookies k\u00f6nnten jedoch bestimmte Funktionen wie z.B. Videos nicht verf\u00fcgbar sein oder Sie m\u00fcssten bei jedem Besuch der Website Ihre Anmeldedaten eingeben, da wir uns nicht daran erinnern k\u00f6nnten, dass Sie sich zuvor angemeldet haben. Die meisten Webbrowser k\u00f6nnen so eingestellt werden, dass sie die Verwendung von Cookies deaktivieren. Wenn Sie jedoch Cookies deaktivieren, k\u00f6nnen Sie m\u00f6glicherweise nicht richtig oder gar nicht auf die Funktionen unserer Website zugreifen. Wir speichern niemals pers\u00f6nlich identifizierbare Informationen in Cookies.<\/p>\n\n<p><strong>Blockieren und Deaktivieren von Cookies und \u00e4hnlichen Technologien<\/strong><br\/>Sie k\u00f6nnen Ihren Browser auch so einstellen, dass er Cookies und \u00e4hnliche Technologien blockiert. Dies kann jedoch dazu f\u00fchren, dass unsere wichtigen Cookies blockiert werden und unsere Website nicht richtig funktioniert. Sie sollten sich auch dar\u00fcber im Klaren sein, dass Sie einige gespeicherte Informationen (z. B. gespeicherte Anmeldedaten, Website-Einstellungen) verlieren k\u00f6nnen, wenn Sie Cookies in Ihrem Browser blockieren. Verschiedene Browser stellen Ihnen unterschiedliche Steuerelemente zur Verf\u00fcgung. Wenn Sie ein Cookie oder eine Cookie-Kategorie deaktivieren, wird das Cookie nicht aus Ihrem Browser gel\u00f6scht. Sie m\u00fcssen dies selbst in Ihrem Browser tun, weitere Informationen finden Sie im Hilfemen\u00fc Ihres Browsers.<\/p>\n\n<p><strong>\u00c4nderungen an unserer Datenschutzrichtlinie<\/strong><br\/>Wir k\u00f6nnen unseren Service und unsere Richtlinien \u00e4ndern, und es kann sein, dass wir \u00c4nderungen an dieser Datenschutzrichtlinie vornehmen m\u00fcssen, damit sie unseren Service und unsere Richtlinien korrekt wiedergibt. Sofern nicht anderweitig gesetzlich vorgeschrieben, werden wir Sie (z.B. \u00fcber unseren Service) benachrichtigen, bevor wir \u00c4nderungen an dieser Datenschutzrichtlinie vornehmen und Ihnen die M\u00f6glichkeit geben, diese zu \u00fcberpr\u00fcfen, bevor sie in Kraft treten. Wenn Sie den Service dann weiterhin nutzen, sind Sie an die aktualisierte Datenschutzrichtlinie gebunden. Wenn Sie dieser oder einer aktualisierten Datenschutzrichtlinie nicht zustimmen m\u00f6chten, k\u00f6nnen Sie Ihr Konto l\u00f6schen.<\/p>\n\n<p><strong>Dienste Dritter<\/strong><br\/>Wir k\u00f6nnen Inhalte Dritter (einschlie\u00dflich Daten, Informationen, Anwendungen und andere Produktdienste) anzeigen, einbeziehen oder zur Verf\u00fcgung stellen oder Links zu Websites oder Diensten Dritter anbieten (\"Dienste Dritter\").<br\/>Sie erkennen an und erkl\u00e4ren sich damit einverstanden, dass MY WAY RENT A CAR nicht f\u00fcr die Dienste Dritter verantwortlich ist, einschlie\u00dflich deren Genauigkeit, Vollst\u00e4ndigkeit, Aktualit\u00e4t, G\u00fcltigkeit, Einhaltung des Urheberrechts, Rechtm\u00e4\u00dfigkeit, Anstand, Qualit\u00e4t oder andere Aspekte davon. MY WAY RENT A CAR \u00fcbernimmt weder Ihnen noch einer anderen nat\u00fcrlichen oder juristischen Person gegen\u00fcber irgendeine Haftung oder Verantwortung f\u00fcr Dienste Dritter.<br\/>Dienste Dritter und Links dazu werden Ihnen lediglich als Annehmlichkeit zur Verf\u00fcgung gestellt, und Sie greifen auf sie zu und nutzen sie ausschlie\u00dflich auf eigenes Risiko und gem\u00e4\u00df den Gesch\u00e4ftsbedingungen dieser Dritten.<\/p>\n","protected":false},"excerpt":{"rendered":"<p>Datenschutzbestimmungen MY WAY RENT A CAR verpflichtet sich, Ihre Privatsph\u00e4re zu sch\u00fctzen. In dieser Datenschutzerkl\u00e4rung wird erl\u00e4utert, wie Ihre pers\u00f6nlichen Daten von MY WAY RENT A CAR erfasst, verwendet und weitergegeben werden.Diese Datenschutzerkl\u00e4rung gilt f\u00fcr unsere Website und die zugeh\u00f6rigen Subdomains (zusammenfassend unser \"Service\") sowie f\u00fcr unsere Anwendung MY WAY RENT A CAR. Indem Sie&hellip;<\/p>\n","protected":false},"author":1,"featured_media":0,"parent":0,"menu_order":0,"comment_status":"closed","ping_status":"closed","template":"","meta":{"_monsterinsights_skip_tracking":false,"_monsterinsights_sitenote_active":false,"_monsterinsights_sitenote_note":"","_monsterinsights_sitenote_category":0,"footnotes":""},"class_list":["post-17436","page","type-page","status-publish","hentry","description-off"],"aioseo_notices":[],"_links":{"self":[{"href":"https:\/\/www.rhodesrentalcar.com\/de\/wp-json\/wp\/v2\/pages\/17436","targetHints":{"allow":["GET"]}}],"collection":[{"href":"https:\/\/www.rhodesrentalcar.com\/de\/wp-json\/wp\/v2\/pages"}],"about":[{"href":"https:\/\/www.rhodesrentalcar.com\/de\/wp-json\/wp\/v2\/types\/page"}],"author":[{"embeddable":true,"href":"https:\/\/www.rhodesrentalcar.com\/de\/wp-json\/wp\/v2\/users\/1"}],"replies":[{"embeddable":true,"href":"https:\/\/www.rhodesrentalcar.com\/de\/wp-json\/wp\/v2\/comments?post=17436"}],"version-history":[{"count":0,"href":"https:\/\/www.rhodesrentalcar.com\/de\/wp-json\/wp\/v2\/pages\/17436\/revisions"}],"wp:attachment":[{"href":"https:\/\/www.rhodesrentalcar.com\/de\/wp-json\/wp\/v2\/media?parent=17436"}],"curies":[{"name":"wp","href":"https:\/\/api.w.org\/{rel}","templated":true}]}}