{"id":7091,"date":"2021-06-06T22:25:32","date_gmt":"2021-06-06T22:25:32","guid":{"rendered":"https:\/\/www.rhodesrentalcar.com\/unternehmen\/"},"modified":"2021-06-06T22:25:33","modified_gmt":"2021-06-06T22:25:33","slug":"unternehmen","status":"publish","type":"page","link":"https:\/\/www.rhodesrentalcar.com\/de\/unternehmen\/","title":{"rendered":"Unternehmen"},"content":{"rendered":"\t\t<div data-elementor-type=\"wp-page\" data-elementor-id=\"7091\" class=\"elementor elementor-7091 elementor-20\" data-elementor-post-type=\"page\">\n\t\t\t\t\t\t<section class=\"elementor-section elementor-top-section elementor-element elementor-element-20ede42 elementor-section-boxed elementor-section-height-default elementor-section-height-default\" data-id=\"20ede42\" data-element_type=\"section\" data-e-type=\"section\" data-settings=\"{&quot;background_background&quot;:&quot;classic&quot;}\">\n\t\t\t\t\t\t\t<div class=\"elementor-background-overlay\"><\/div>\n\t\t\t\t\t\t\t<div class=\"elementor-container elementor-column-gap-default\">\n\t\t\t\t\t<div class=\"elementor-column elementor-col-100 elementor-top-column elementor-element elementor-element-4059354\" data-id=\"4059354\" data-element_type=\"column\" data-e-type=\"column\">\n\t\t\t<div class=\"elementor-widget-wrap elementor-element-populated\">\n\t\t\t\t\t\t<div class=\"elementor-element elementor-element-3064a48 elementor-widget elementor-widget-image\" data-id=\"3064a48\" data-element_type=\"widget\" data-e-type=\"widget\" data-widget_type=\"image.default\">\n\t\t\t\t\t\t\t\t\t\t\t\t\t\t\t<img decoding=\"async\" src=\"https:\/\/www.rhodesrentalcar.com\/wp-content\/uploads\/2021\/03\/my-way-gift-card.svg\" class=\"attachment-full size-full wp-image-5784\" alt=\"\" \/>\t\t\t\t\t\t\t\t\t\t\t\t\t\t\t<\/div>\n\t\t\t\t\t<\/div>\n\t\t<\/div>\n\t\t\t\t\t<\/div>\n\t\t<\/section>\n\t\t\t\t<section class=\"elementor-section elementor-top-section elementor-element elementor-element-29cd141 elementor-section-content-middle elementor-section-boxed elementor-section-height-default elementor-section-height-default\" data-id=\"29cd141\" data-element_type=\"section\" data-e-type=\"section\">\n\t\t\t\t\t\t<div class=\"elementor-container elementor-column-gap-default\">\n\t\t\t\t\t<div class=\"elementor-column elementor-col-25 elementor-top-column elementor-element elementor-element-0e01e21\" data-id=\"0e01e21\" data-element_type=\"column\" data-e-type=\"column\">\n\t\t\t<div class=\"elementor-widget-wrap elementor-element-populated\">\n\t\t\t\t\t\t<div class=\"elementor-element elementor-element-79e1cdd elementor-position-top elementor-widget elementor-widget-image-box\" data-id=\"79e1cdd\" data-element_type=\"widget\" data-e-type=\"widget\" data-widget_type=\"image-box.default\">\n\t\t\t\t\t<div class=\"elementor-image-box-wrapper\"><figure class=\"elementor-image-box-img\"><a href=\"https:\/\/www.rhodesrentalcar.com\/restaurants\/\" tabindex=\"-1\"><img loading=\"lazy\" decoding=\"async\" width=\"100\" height=\"100\" src=\"https:\/\/www.rhodesrentalcar.com\/wp-content\/uploads\/2021\/03\/my-way-rent-a-car-restaurant-2.svg\" class=\"attachment-full size-full wp-image-5417\" alt=\"my-way-rent-a-car-restaurant-2\" srcset=\"https:\/\/www.rhodesrentalcar.com\/wp-content\/uploads\/\/2021\/03\/my-way-rent-a-car-restaurant-2.svg 150w, https:\/\/www.rhodesrentalcar.com\/wp-content\/uploads\/\/2021\/03\/my-way-rent-a-car-restaurant-2.svg 300w, https:\/\/www.rhodesrentalcar.com\/wp-content\/uploads\/\/2021\/03\/my-way-rent-a-car-restaurant-2.svg 768w, https:\/\/www.rhodesrentalcar.com\/wp-content\/uploads\/\/2021\/03\/my-way-rent-a-car-restaurant-2.svg 1024w, https:\/\/www.rhodesrentalcar.com\/wp-content\/uploads\/\/2021\/03\/my-way-rent-a-car-restaurant-2.svg 100w\" sizes=\"auto, (max-width: 100px) 100vw, 100px\" \/><\/a><\/figure><div class=\"elementor-image-box-content\"><h3 class=\"elementor-image-box-title\"><a href=\"https:\/\/www.rhodesrentalcar.com\/restaurants\/\">RESTAURANT<\/a><\/h3><\/div><\/div>\t\t\t\t<\/div>\n\t\t\t\t\t<\/div>\n\t\t<\/div>\n\t\t\t\t<div class=\"elementor-column elementor-col-25 elementor-top-column elementor-element elementor-element-35d1c55\" data-id=\"35d1c55\" data-element_type=\"column\" data-e-type=\"column\">\n\t\t\t<div class=\"elementor-widget-wrap elementor-element-populated\">\n\t\t\t\t\t\t<div class=\"elementor-element elementor-element-ade01e6 elementor-position-top elementor-widget elementor-widget-image-box\" data-id=\"ade01e6\" data-element_type=\"widget\" data-e-type=\"widget\" data-widget_type=\"image-box.default\">\n\t\t\t\t\t<div class=\"elementor-image-box-wrapper\"><figure class=\"elementor-image-box-img\"><a href=\"https:\/\/www.rhodesrentalcar.com\/bar\/\" tabindex=\"-1\"><img loading=\"lazy\" decoding=\"async\" width=\"100\" height=\"100\" src=\"https:\/\/www.rhodesrentalcar.com\/wp-content\/uploads\/2021\/03\/my-way-rent-a-car-cocktail-2.svg\" class=\"attachment-full size-full wp-image-5414\" alt=\"my-way-rent-a-car-cocktail-2\" srcset=\"https:\/\/www.rhodesrentalcar.com\/wp-content\/uploads\/\/2021\/03\/my-way-rent-a-car-cocktail-2.svg 150w, https:\/\/www.rhodesrentalcar.com\/wp-content\/uploads\/\/2021\/03\/my-way-rent-a-car-cocktail-2.svg 300w, https:\/\/www.rhodesrentalcar.com\/wp-content\/uploads\/\/2021\/03\/my-way-rent-a-car-cocktail-2.svg 768w, https:\/\/www.rhodesrentalcar.com\/wp-content\/uploads\/\/2021\/03\/my-way-rent-a-car-cocktail-2.svg 1024w, https:\/\/www.rhodesrentalcar.com\/wp-content\/uploads\/\/2021\/03\/my-way-rent-a-car-cocktail-2.svg 100w\" sizes=\"auto, (max-width: 100px) 100vw, 100px\" \/><\/a><\/figure><div class=\"elementor-image-box-content\"><h3 class=\"elementor-image-box-title\"><a href=\"https:\/\/www.rhodesrentalcar.com\/bar\/\">BAR<\/a><\/h3><\/div><\/div>\t\t\t\t<\/div>\n\t\t\t\t\t<\/div>\n\t\t<\/div>\n\t\t\t\t<div class=\"elementor-column elementor-col-25 elementor-top-column elementor-element elementor-element-2d8874d\" data-id=\"2d8874d\" data-element_type=\"column\" data-e-type=\"column\">\n\t\t\t<div class=\"elementor-widget-wrap elementor-element-populated\">\n\t\t\t\t\t\t<div class=\"elementor-element elementor-element-a8569b5 elementor-position-top elementor-widget elementor-widget-image-box\" data-id=\"a8569b5\" data-element_type=\"widget\" data-e-type=\"widget\" data-widget_type=\"image-box.default\">\n\t\t\t\t\t<div class=\"elementor-image-box-wrapper\"><figure class=\"elementor-image-box-img\"><a href=\"https:\/\/www.rhodesrentalcar.com\/live-stage\/\" tabindex=\"-1\"><img loading=\"lazy\" decoding=\"async\" width=\"100\" height=\"100\" src=\"https:\/\/www.rhodesrentalcar.com\/wp-content\/uploads\/2021\/03\/my-way-rent-a-car-guitar-2.svg\" class=\"attachment-full size-full wp-image-5420\" alt=\"\" srcset=\"https:\/\/www.rhodesrentalcar.com\/wp-content\/uploads\/\/2021\/03\/my-way-rent-a-car-guitar-2.svg 150w, https:\/\/www.rhodesrentalcar.com\/wp-content\/uploads\/\/2021\/03\/my-way-rent-a-car-guitar-2.svg 300w, https:\/\/www.rhodesrentalcar.com\/wp-content\/uploads\/\/2021\/03\/my-way-rent-a-car-guitar-2.svg 768w, https:\/\/www.rhodesrentalcar.com\/wp-content\/uploads\/\/2021\/03\/my-way-rent-a-car-guitar-2.svg 1024w, https:\/\/www.rhodesrentalcar.com\/wp-content\/uploads\/\/2021\/03\/my-way-rent-a-car-guitar-2.svg 100w\" sizes=\"auto, (max-width: 100px) 100vw, 100px\" \/><\/a><\/figure><div class=\"elementor-image-box-content\"><h3 class=\"elementor-image-box-title\"><a href=\"https:\/\/www.rhodesrentalcar.com\/live-stage\/\">LIVE-B\u00dcHNE<\/a><\/h3><\/div><\/div>\t\t\t\t<\/div>\n\t\t\t\t\t<\/div>\n\t\t<\/div>\n\t\t\t\t<div class=\"elementor-column elementor-col-25 elementor-top-column elementor-element elementor-element-95ab264\" data-id=\"95ab264\" data-element_type=\"column\" data-e-type=\"column\">\n\t\t\t<div class=\"elementor-widget-wrap elementor-element-populated\">\n\t\t\t\t\t\t<div class=\"elementor-element elementor-element-8eddc87 elementor-position-top elementor-widget elementor-widget-image-box\" data-id=\"8eddc87\" data-element_type=\"widget\" data-e-type=\"widget\" data-widget_type=\"image-box.default\">\n\t\t\t\t\t<div class=\"elementor-image-box-wrapper\"><figure class=\"elementor-image-box-img\"><img loading=\"lazy\" decoding=\"async\" width=\"100\" height=\"100\" src=\"https:\/\/www.rhodesrentalcar.com\/wp-content\/uploads\/2021\/03\/my-way-rent-a-car-gift-2-1.svg\" class=\"attachment-full size-full wp-image-5423\" alt=\"my-way-rent-a-car-gift 2\" srcset=\"https:\/\/www.rhodesrentalcar.com\/wp-content\/uploads\/\/2021\/03\/my-way-rent-a-car-gift-2-1.svg 150w, https:\/\/www.rhodesrentalcar.com\/wp-content\/uploads\/\/2021\/03\/my-way-rent-a-car-gift-2-1.svg 300w, https:\/\/www.rhodesrentalcar.com\/wp-content\/uploads\/\/2021\/03\/my-way-rent-a-car-gift-2-1.svg 768w, https:\/\/www.rhodesrentalcar.com\/wp-content\/uploads\/\/2021\/03\/my-way-rent-a-car-gift-2-1.svg 1024w, https:\/\/www.rhodesrentalcar.com\/wp-content\/uploads\/\/2021\/03\/my-way-rent-a-car-gift-2-1.svg 100w\" sizes=\"auto, (max-width: 100px) 100vw, 100px\" \/><\/figure><div class=\"elementor-image-box-content\"><h3 class=\"elementor-image-box-title\">EINKAUFEN<\/h3><\/div><\/div>\t\t\t\t<\/div>\n\t\t\t\t\t<\/div>\n\t\t<\/div>\n\t\t\t\t\t<\/div>\n\t\t<\/section>\n\t\t\t\t<section class=\"elementor-section elementor-top-section elementor-element elementor-element-9d4890b elementor-section-boxed elementor-section-height-default elementor-section-height-default\" data-id=\"9d4890b\" data-element_type=\"section\" data-e-type=\"section\">\n\t\t\t\t\t\t<div class=\"elementor-container elementor-column-gap-default\">\n\t\t\t\t\t<div class=\"elementor-column elementor-col-100 elementor-top-column elementor-element elementor-element-055de98\" data-id=\"055de98\" data-element_type=\"column\" data-e-type=\"column\">\n\t\t\t<div class=\"elementor-widget-wrap elementor-element-populated\">\n\t\t\t\t\t\t<div class=\"elementor-element elementor-element-13f80f4 elementor-headline--style-highlight elementor-widget elementor-widget-animated-headline\" data-id=\"13f80f4\" data-element_type=\"widget\" data-e-type=\"widget\" data-settings=\"{&quot;highlighted_text&quot;:&quot;Geschenkkarte&quot;,&quot;headline_style&quot;:&quot;highlight&quot;,&quot;marker&quot;:&quot;circle&quot;,&quot;loop&quot;:&quot;yes&quot;,&quot;highlight_animation_duration&quot;:1200,&quot;highlight_iteration_delay&quot;:8000}\" data-widget_type=\"animated-headline.default\">\n\t\t\t\t\t\t\t<div class=\"elementor-headline\">\n\t\t\t\t\t<span class=\"elementor-headline-plain-text elementor-headline-text-wrapper\">MY WAY<\/span>\n\t\t\t\t<span class=\"elementor-headline-dynamic-wrapper elementor-headline-text-wrapper\">\n\t\t\t\t\t<span class=\"elementor-headline-dynamic-text elementor-headline-text-active\">Geschenkkarte<\/span>\n\t\t\t\t<\/span>\n\t\t\t\t<\/div>\n\t\t\t\t\t\t<\/div>\n\t\t\t\t<section class=\"elementor-section elementor-inner-section elementor-element elementor-element-868af8d elementor-section-boxed elementor-section-height-default elementor-section-height-default\" data-id=\"868af8d\" data-element_type=\"section\" data-e-type=\"section\">\n\t\t\t\t\t\t<div class=\"elementor-container elementor-column-gap-default\">\n\t\t\t\t\t<div class=\"elementor-column elementor-col-100 elementor-inner-column elementor-element elementor-element-113af82\" data-id=\"113af82\" data-element_type=\"column\" data-e-type=\"column\">\n\t\t\t<div class=\"elementor-widget-wrap elementor-element-populated\">\n\t\t\t\t\t\t<div class=\"elementor-element elementor-element-d7dbe77 elementor-widget elementor-widget-text-editor\" data-id=\"d7dbe77\" data-element_type=\"widget\" data-e-type=\"widget\" data-widget_type=\"text-editor.default\">\n\t\t\t\t\t\t\t\t\t<p>SPEZIAL KARTE F\u00dcR ECHTE ERM\u00c4SSIGUNG IN ALLEN DIENSTLEISTUNGEN, DIE VON DEN FOLGENDEN FIRMENKATEGORIEN ANGEBOTEN WERDEN.<\/p>\n<p>&nbsp;<\/p>\n<p>IN DEN FOLGENDEN FIRMEN K\u00d6NNEN SIE UNSERE MITGLIEDER-RABATTKARTE BENUTZEN, DIE IHNEN DIE M\u00d6GLICHKEIT EINES ECHTEN RABATTS AUF ARTIKEL UND DIENSTLEISTUNGEN IN ALLEN UNTERNEHMEN UNSERER GRUPPE GIBT<\/p>\n<p>&nbsp;<\/p>\n<p>&nbsp;<\/p>\n<p>UM UNSERE MITGLIEDSKARTE MIT ALL IHREN PRIVILEGIEN ZU ERHALTEN, M\u00dcSSEN SIE NUR EINE RESERVIERUNG F\u00dcR EIN MIETAUTO MACHEN UND SIE ERHALTEN SIE V\u00d6LLIG KOSTENLOS!<\/p>\n\t\t\t\t\t\t\t\t<\/div>\n\t\t\t\t<div class=\"elementor-element elementor-element-1eb4e74 elementor-share-buttons--view-icon elementor-share-buttons--skin-framed elementor-share-buttons--shape-circle elementor-grid-0 elementor-share-buttons--color-official elementor-widget elementor-widget-share-buttons\" data-id=\"1eb4e74\" data-element_type=\"widget\" data-e-type=\"widget\" data-widget_type=\"share-buttons.default\">\n\t\t\t\t\t\t\t<div class=\"elementor-grid\" role=\"list\">\n\t\t\t\t\t\t\t\t<div class=\"elementor-grid-item\" role=\"listitem\">\n\t\t\t\t\t\t<div class=\"elementor-share-btn elementor-share-btn_facebook\" role=\"button\" tabindex=\"0\" aria-label=\"Teilen auf facebook\">\n\t\t\t\t\t\t\t\t\t\t\t\t\t\t\t<span class=\"elementor-share-btn__icon\">\n\t\t\t\t\t\t\t\t<i class=\"fab fa-facebook\" aria-hidden=\"true\"><\/i>\t\t\t\t\t\t\t<\/span>\n\t\t\t\t\t\t\t\t\t\t\t\t\t\t\t\t\t\t\t\t<\/div>\n\t\t\t\t\t<\/div>\n\t\t\t\t\t\t\t\t\t<div class=\"elementor-grid-item\" role=\"listitem\">\n\t\t\t\t\t\t<div class=\"elementor-share-btn elementor-share-btn_twitter\" role=\"button\" tabindex=\"0\" aria-label=\"Teilen auf twitter\">\n\t\t\t\t\t\t\t\t\t\t\t\t\t\t\t<span class=\"elementor-share-btn__icon\">\n\t\t\t\t\t\t\t\t<i class=\"fab fa-twitter\" aria-hidden=\"true\"><\/i>\t\t\t\t\t\t\t<\/span>\n\t\t\t\t\t\t\t\t\t\t\t\t\t\t\t\t\t\t\t\t<\/div>\n\t\t\t\t\t<\/div>\n\t\t\t\t\t\t\t\t\t<div class=\"elementor-grid-item\" role=\"listitem\">\n\t\t\t\t\t\t<div class=\"elementor-share-btn elementor-share-btn_linkedin\" role=\"button\" tabindex=\"0\" aria-label=\"Teilen auf linkedin\">\n\t\t\t\t\t\t\t\t\t\t\t\t\t\t\t<span class=\"elementor-share-btn__icon\">\n\t\t\t\t\t\t\t\t<i class=\"fab fa-linkedin\" aria-hidden=\"true\"><\/i>\t\t\t\t\t\t\t<\/span>\n\t\t\t\t\t\t\t\t\t\t\t\t\t\t\t\t\t\t\t\t<\/div>\n\t\t\t\t\t<\/div>\n\t\t\t\t\t\t<\/div>\n\t\t\t\t\t\t<\/div>\n\t\t\t\t\t<\/div>\n\t\t<\/div>\n\t\t\t\t\t<\/div>\n\t\t<\/section>\n\t\t\t\t\t<\/div>\n\t\t<\/div>\n\t\t\t\t\t<\/div>\n\t\t<\/section>\n\t\t\t\t<\/div>\n\t\t","protected":false},"excerpt":{"rendered":"<p>RESTAURANT BAR LIVE-B\u00dcHNE EINKAUFEN MY WAY Geschenkkarte SPEZIAL KARTE F\u00dcR ECHTE ERM\u00c4SSIGUNG IN ALLEN DIENSTLEISTUNGEN, DIE VON DEN FOLGENDEN FIRMENKATEGORIEN ANGEBOTEN WERDEN. &nbsp; IN DEN FOLGENDEN FIRMEN K\u00d6NNEN SIE UNSERE MITGLIEDER-RABATTKARTE BENUTZEN, DIE IHNEN DIE M\u00d6GLICHKEIT EINES ECHTEN RABATTS AUF ARTIKEL UND DIENSTLEISTUNGEN IN ALLEN UNTERNEHMEN UNSERER GRUPPE GIBT &nbsp; &nbsp; UM UNSERE MITGLIEDSKARTE MIT&hellip;<\/p>\n","protected":false},"author":1,"featured_media":5466,"parent":0,"menu_order":35,"comment_status":"closed","ping_status":"closed","template":"elementor_header_footer","meta":{"_monsterinsights_skip_tracking":false,"_monsterinsights_sitenote_active":false,"_monsterinsights_sitenote_note":"","_monsterinsights_sitenote_category":0,"footnotes":""},"class_list":["post-7091","page","type-page","status-publish","has-post-thumbnail","hentry"],"aioseo_notices":[],"_links":{"self":[{"href":"https:\/\/www.rhodesrentalcar.com\/de\/wp-json\/wp\/v2\/pages\/7091","targetHints":{"allow":["GET"]}}],"collection":[{"href":"https:\/\/www.rhodesrentalcar.com\/de\/wp-json\/wp\/v2\/pages"}],"about":[{"href":"https:\/\/www.rhodesrentalcar.com\/de\/wp-json\/wp\/v2\/types\/page"}],"author":[{"embeddable":true,"href":"https:\/\/www.rhodesrentalcar.com\/de\/wp-json\/wp\/v2\/users\/1"}],"replies":[{"embeddable":true,"href":"https:\/\/www.rhodesrentalcar.com\/de\/wp-json\/wp\/v2\/comments?post=7091"}],"version-history":[{"count":0,"href":"https:\/\/www.rhodesrentalcar.com\/de\/wp-json\/wp\/v2\/pages\/7091\/revisions"}],"wp:featuredmedia":[{"embeddable":true,"href":"https:\/\/www.rhodesrentalcar.com\/de\/wp-json\/wp\/v2\/media\/5466"}],"wp:attachment":[{"href":"https:\/\/www.rhodesrentalcar.com\/de\/wp-json\/wp\/v2\/media?parent=7091"}],"curies":[{"name":"wp","href":"https:\/\/api.w.org\/{rel}","templated":true}]}}