{"id":7126,"date":"2021-06-07T00:19:36","date_gmt":"2021-06-07T00:19:36","guid":{"rendered":"https:\/\/www.rhodesrentalcar.com\/el-greco-griechisches-restaurant\/"},"modified":"2021-06-07T00:19:38","modified_gmt":"2021-06-07T00:19:38","slug":"el-greco-griechisches-restaurant","status":"publish","type":"page","link":"https:\/\/www.rhodesrentalcar.com\/de\/el-greco-griechisches-restaurant\/","title":{"rendered":"EL GRECO - Griechisches Restaurant"},"content":{"rendered":"\t\t<div data-elementor-type=\"wp-page\" data-elementor-id=\"7126\" class=\"elementor elementor-7126 elementor-5171\" data-elementor-post-type=\"page\">\n\t\t\t\t\t\t<section class=\"elementor-section elementor-top-section elementor-element elementor-element-ae815e1 elementor-section-full_width elementor-section-height-default elementor-section-height-default\" data-id=\"ae815e1\" data-element_type=\"section\" data-e-type=\"section\">\n\t\t\t\t\t\t<div class=\"elementor-container elementor-column-gap-no\">\n\t\t\t\t\t<div class=\"elementor-column elementor-col-100 elementor-top-column elementor-element elementor-element-d01f67d\" data-id=\"d01f67d\" data-element_type=\"column\" data-e-type=\"column\">\n\t\t\t<div class=\"elementor-widget-wrap elementor-element-populated\">\n\t\t\t\t\t\t<div class=\"elementor-element elementor-element-1cc838f elementor--h-position-center elementor--v-position-middle elementor-arrows-position-inside elementor-widget elementor-widget-slides\" data-id=\"1cc838f\" data-element_type=\"widget\" data-e-type=\"widget\" data-settings=\"{&quot;navigation&quot;:&quot;arrows&quot;,&quot;autoplay&quot;:&quot;yes&quot;,&quot;pause_on_hover&quot;:&quot;yes&quot;,&quot;pause_on_interaction&quot;:&quot;yes&quot;,&quot;autoplay_speed&quot;:5000,&quot;infinite&quot;:&quot;yes&quot;,&quot;transition&quot;:&quot;slide&quot;,&quot;transition_speed&quot;:500}\" data-widget_type=\"slides.default\">\n\t\t\t\t\t\t\t\t\t\t<div class=\"elementor-slides-wrapper elementor-main-swiper swiper\" role=\"region\" aria-roledescription=\"carousel\" aria-label=\"Slider\" dir=\"ltr\" data-animation=\"zoomIn\">\n\t\t\t\t<div class=\"swiper-wrapper elementor-slides\">\n\t\t\t\t\t\t\t\t\t\t<div class=\"elementor-repeater-item-1e1d590 swiper-slide\" role=\"group\" aria-roledescription=\"slide\"><div class=\"swiper-slide-bg\" role=\"img\" aria-label=\"el-greco-greek-restaurant-cover-06\"><\/div><a class=\"swiper-slide-inner\" href=\"https:\/\/goo.gl\/maps\/fdnijDZjnrLFGWrV6\" target=\"_blank\"><div class=\"swiper-slide-contents\"><div class=\"elementor-slide-heading\">EL GRECO<\/div><div class=\"elementor-slide-description\"><p>Griechisches Restaurant<\/p>\n<\/div><\/div><\/a><\/div><div class=\"elementor-repeater-item-2287d70 swiper-slide\" role=\"group\" aria-roledescription=\"slide\"><div class=\"swiper-slide-bg\" role=\"img\" aria-label=\"el-greco-greek-restaurant-cover-06\"><\/div><a class=\"swiper-slide-inner\" href=\"https:\/\/goo.gl\/maps\/fdnijDZjnrLFGWrV6\" target=\"_blank\"><div class=\"swiper-slide-contents\"><div class=\"elementor-slide-heading\">EL GRECO<\/div><div class=\"elementor-slide-description\"><p>Griechisches Restaurant<\/p>\n<\/div><\/div><\/a><\/div><div class=\"elementor-repeater-item-aa4f2df swiper-slide\" role=\"group\" aria-roledescription=\"slide\"><div class=\"swiper-slide-bg\" role=\"img\" aria-label=\"el-greco-greek-restaurant-cover-01\"><\/div><a class=\"swiper-slide-inner\" href=\"https:\/\/goo.gl\/maps\/fdnijDZjnrLFGWrV6\" target=\"_blank\"><div class=\"swiper-slide-contents\"><div class=\"elementor-slide-heading\">EL GRECO<\/div><div class=\"elementor-slide-description\"><p>Griechisches Restaurant<\/p>\n<\/div><\/div><\/a><\/div><div class=\"elementor-repeater-item-56f09d7 swiper-slide\" role=\"group\" aria-roledescription=\"slide\"><div class=\"swiper-slide-bg\" role=\"img\" aria-label=\"el-greco-greek-restaurant-cover-04\"><\/div><a class=\"swiper-slide-inner\" href=\"https:\/\/goo.gl\/maps\/fdnijDZjnrLFGWrV6\" target=\"_blank\"><div class=\"swiper-slide-contents\"><div class=\"elementor-slide-heading\">EL GRECO<\/div><div class=\"elementor-slide-description\"><p>Griechisches Restaurant<\/p>\n<\/div><\/div><\/a><\/div><div class=\"elementor-repeater-item-a91faed swiper-slide\" role=\"group\" aria-roledescription=\"slide\"><div class=\"swiper-slide-bg\" role=\"img\" aria-label=\"el-greco-greek-restaurant-cover-05\"><\/div><a class=\"swiper-slide-inner\" href=\"https:\/\/goo.gl\/maps\/fdnijDZjnrLFGWrV6\" target=\"_blank\"><div class=\"swiper-slide-contents\"><div class=\"elementor-slide-heading\">EL GRECO<\/div><div class=\"elementor-slide-description\"><p>Griechisches Restaurant<\/p>\n<\/div><\/div><\/a><\/div><div class=\"elementor-repeater-item-5240472 swiper-slide\" role=\"group\" aria-roledescription=\"slide\"><div class=\"swiper-slide-bg\" role=\"img\" aria-label=\"el-greco-greek-restaurant-cover-05\"><\/div><a class=\"swiper-slide-inner\" href=\"https:\/\/goo.gl\/maps\/fdnijDZjnrLFGWrV6\" target=\"_blank\"><div class=\"swiper-slide-contents\"><div class=\"elementor-slide-heading\">EL GRECO<\/div><div class=\"elementor-slide-description\"><p>Griechisches Restaurant<\/p>\n<\/div><\/div><\/a><\/div><div class=\"elementor-repeater-item-7374ad5 swiper-slide\" role=\"group\" aria-roledescription=\"slide\"><div class=\"swiper-slide-bg\" role=\"img\" aria-label=\"el-greco-greek-restaurant-cover-05\"><\/div><a class=\"swiper-slide-inner\" href=\"https:\/\/goo.gl\/maps\/fdnijDZjnrLFGWrV6\" target=\"_blank\"><div class=\"swiper-slide-contents\"><div class=\"elementor-slide-heading\">EL GRECO<\/div><div class=\"elementor-slide-description\"><p>Griechisches Restaurant<\/p>\n<\/div><\/div><\/a><\/div><div class=\"elementor-repeater-item-361baba swiper-slide\" role=\"group\" aria-roledescription=\"slide\"><div class=\"swiper-slide-bg\" role=\"img\" aria-label=\"el-greco-greek-restaurant-cover-05\"><\/div><a class=\"swiper-slide-inner\" href=\"https:\/\/goo.gl\/maps\/fdnijDZjnrLFGWrV6\" target=\"_blank\"><div class=\"swiper-slide-contents\"><div class=\"elementor-slide-heading\">EL GRECO<\/div><div class=\"elementor-slide-description\"><p>Griechisches Restaurant<\/p>\n<\/div><\/div><\/a><\/div><div class=\"elementor-repeater-item-ab58adb swiper-slide\" role=\"group\" aria-roledescription=\"slide\"><div class=\"swiper-slide-bg\" role=\"img\" aria-label=\"el-greco-greek-restaurant-cover-05\"><\/div><a class=\"swiper-slide-inner\" href=\"https:\/\/goo.gl\/maps\/fdnijDZjnrLFGWrV6\" target=\"_blank\"><div class=\"swiper-slide-contents\"><div class=\"elementor-slide-heading\">EL GRECO<\/div><div class=\"elementor-slide-description\"><p>Griechisches Restaurant<\/p>\n<\/div><\/div><\/a><\/div><div class=\"elementor-repeater-item-56fdd9c swiper-slide\" role=\"group\" aria-roledescription=\"slide\"><div class=\"swiper-slide-bg\" role=\"img\" aria-label=\"el-greco-greek-restaurant-cover-05\"><\/div><a class=\"swiper-slide-inner\" href=\"https:\/\/goo.gl\/maps\/fdnijDZjnrLFGWrV6\" target=\"_blank\"><div class=\"swiper-slide-contents\"><div class=\"elementor-slide-heading\">EL GRECO<\/div><div class=\"elementor-slide-description\"><p>Griechisches Restaurant<\/p>\n<\/div><\/div><\/a><\/div>\t\t\t\t<\/div>\n\t\t\t\t\t\t\t\t\t\t\t\t\t\t\t<div class=\"elementor-swiper-button elementor-swiper-button-prev\" role=\"button\" tabindex=\"0\" aria-label=\"Vorheriger Slide\">\n\t\t\t\t\t\t\t<i aria-hidden=\"true\" class=\"eicon-chevron-left\"><\/i>\t\t\t\t\t\t<\/div>\n\t\t\t\t\t\t<div class=\"elementor-swiper-button elementor-swiper-button-next\" role=\"button\" tabindex=\"0\" aria-label=\"N\u00e4chster Slide\">\n\t\t\t\t\t\t\t<i aria-hidden=\"true\" class=\"eicon-chevron-right\"><\/i>\t\t\t\t\t\t<\/div>\n\t\t\t\t\t\t\t\t\t\t\t\t\t\t\t\t\t<\/div>\n\t\t\t\t\t\t\t\t<\/div>\n\t\t\t\t\t<\/div>\n\t\t<\/div>\n\t\t\t\t\t<\/div>\n\t\t<\/section>\n\t\t\t\t<section class=\"elementor-section elementor-top-section elementor-element elementor-element-27d0b5c elementor-section-content-middle elementor-section-boxed elementor-section-height-default elementor-section-height-default\" data-id=\"27d0b5c\" data-element_type=\"section\" data-e-type=\"section\">\n\t\t\t\t\t\t<div class=\"elementor-container elementor-column-gap-default\">\n\t\t\t\t\t<div class=\"elementor-column elementor-col-25 elementor-top-column elementor-element elementor-element-91adb3e\" data-id=\"91adb3e\" data-element_type=\"column\" data-e-type=\"column\">\n\t\t\t<div class=\"elementor-widget-wrap elementor-element-populated\">\n\t\t\t\t\t\t<div class=\"elementor-element elementor-element-88b02f9 elementor-position-top elementor-widget elementor-widget-image-box\" data-id=\"88b02f9\" data-element_type=\"widget\" data-e-type=\"widget\" data-widget_type=\"image-box.default\">\n\t\t\t\t\t<div class=\"elementor-image-box-wrapper\"><figure class=\"elementor-image-box-img\"><a href=\"https:\/\/www.rhodesrentalcar.com\/de\/restaurants\/\" tabindex=\"-1\"><img loading=\"lazy\" decoding=\"async\" width=\"100\" height=\"100\" src=\"https:\/\/www.rhodesrentalcar.com\/wp-content\/uploads\/2021\/03\/my-way-rent-a-car-restaurant-2.svg\" class=\"attachment-full size-full wp-image-5417\" alt=\"my-way-rent-a-car-restaurant-2\" srcset=\"https:\/\/www.rhodesrentalcar.com\/wp-content\/uploads\/\/2021\/03\/my-way-rent-a-car-restaurant-2.svg 150w, https:\/\/www.rhodesrentalcar.com\/wp-content\/uploads\/\/2021\/03\/my-way-rent-a-car-restaurant-2.svg 300w, https:\/\/www.rhodesrentalcar.com\/wp-content\/uploads\/\/2021\/03\/my-way-rent-a-car-restaurant-2.svg 768w, https:\/\/www.rhodesrentalcar.com\/wp-content\/uploads\/\/2021\/03\/my-way-rent-a-car-restaurant-2.svg 1024w, https:\/\/www.rhodesrentalcar.com\/wp-content\/uploads\/\/2021\/03\/my-way-rent-a-car-restaurant-2.svg 100w\" sizes=\"auto, (max-width: 100px) 100vw, 100px\" \/><\/a><\/figure><div class=\"elementor-image-box-content\"><h3 class=\"elementor-image-box-title\"><a href=\"https:\/\/www.rhodesrentalcar.com\/de\/restaurants\/\">RESTAURANT<\/a><\/h3><\/div><\/div>\t\t\t\t<\/div>\n\t\t\t\t\t<\/div>\n\t\t<\/div>\n\t\t\t\t<div class=\"elementor-column elementor-col-25 elementor-top-column elementor-element elementor-element-27d0409\" data-id=\"27d0409\" data-element_type=\"column\" data-e-type=\"column\">\n\t\t\t<div class=\"elementor-widget-wrap elementor-element-populated\">\n\t\t\t\t\t\t<div class=\"elementor-element elementor-element-e32b1ca elementor-position-top elementor-widget elementor-widget-image-box\" data-id=\"e32b1ca\" data-element_type=\"widget\" data-e-type=\"widget\" data-widget_type=\"image-box.default\">\n\t\t\t\t\t<div class=\"elementor-image-box-wrapper\"><figure class=\"elementor-image-box-img\"><a href=\"https:\/\/www.rhodesrentalcar.com\/de\/bar\/\" tabindex=\"-1\"><img loading=\"lazy\" decoding=\"async\" width=\"100\" height=\"100\" src=\"https:\/\/www.rhodesrentalcar.com\/wp-content\/uploads\/2021\/03\/my-way-rent-a-car-cocktail-2.svg\" class=\"attachment-full size-full wp-image-5414\" alt=\"my-way-rent-a-car-cocktail-2\" srcset=\"https:\/\/www.rhodesrentalcar.com\/wp-content\/uploads\/\/2021\/03\/my-way-rent-a-car-cocktail-2.svg 150w, https:\/\/www.rhodesrentalcar.com\/wp-content\/uploads\/\/2021\/03\/my-way-rent-a-car-cocktail-2.svg 300w, https:\/\/www.rhodesrentalcar.com\/wp-content\/uploads\/\/2021\/03\/my-way-rent-a-car-cocktail-2.svg 768w, https:\/\/www.rhodesrentalcar.com\/wp-content\/uploads\/\/2021\/03\/my-way-rent-a-car-cocktail-2.svg 1024w, https:\/\/www.rhodesrentalcar.com\/wp-content\/uploads\/\/2021\/03\/my-way-rent-a-car-cocktail-2.svg 100w\" sizes=\"auto, (max-width: 100px) 100vw, 100px\" \/><\/a><\/figure><div class=\"elementor-image-box-content\"><h3 class=\"elementor-image-box-title\"><a href=\"https:\/\/www.rhodesrentalcar.com\/de\/bar\/\">BAR<\/a><\/h3><\/div><\/div>\t\t\t\t<\/div>\n\t\t\t\t\t<\/div>\n\t\t<\/div>\n\t\t\t\t<div class=\"elementor-column elementor-col-25 elementor-top-column elementor-element elementor-element-f0b1cba\" data-id=\"f0b1cba\" data-element_type=\"column\" data-e-type=\"column\">\n\t\t\t<div class=\"elementor-widget-wrap elementor-element-populated\">\n\t\t\t\t\t\t<div class=\"elementor-element elementor-element-ddbc720 elementor-position-top elementor-widget elementor-widget-image-box\" data-id=\"ddbc720\" data-element_type=\"widget\" data-e-type=\"widget\" data-widget_type=\"image-box.default\">\n\t\t\t\t\t<div class=\"elementor-image-box-wrapper\"><figure class=\"elementor-image-box-img\"><a href=\"https:\/\/www.rhodesrentalcar.com\/de\/live-buehne\/\" tabindex=\"-1\"><img loading=\"lazy\" decoding=\"async\" width=\"100\" height=\"100\" src=\"https:\/\/www.rhodesrentalcar.com\/wp-content\/uploads\/2021\/03\/my-way-rent-a-car-guitar-2.svg\" class=\"attachment-full size-full wp-image-5420\" alt=\"\" srcset=\"https:\/\/www.rhodesrentalcar.com\/wp-content\/uploads\/\/2021\/03\/my-way-rent-a-car-guitar-2.svg 150w, https:\/\/www.rhodesrentalcar.com\/wp-content\/uploads\/\/2021\/03\/my-way-rent-a-car-guitar-2.svg 300w, https:\/\/www.rhodesrentalcar.com\/wp-content\/uploads\/\/2021\/03\/my-way-rent-a-car-guitar-2.svg 768w, https:\/\/www.rhodesrentalcar.com\/wp-content\/uploads\/\/2021\/03\/my-way-rent-a-car-guitar-2.svg 1024w, https:\/\/www.rhodesrentalcar.com\/wp-content\/uploads\/\/2021\/03\/my-way-rent-a-car-guitar-2.svg 100w\" sizes=\"auto, (max-width: 100px) 100vw, 100px\" \/><\/a><\/figure><div class=\"elementor-image-box-content\"><h3 class=\"elementor-image-box-title\"><a href=\"https:\/\/www.rhodesrentalcar.com\/de\/live-buehne\/\">LIVE-B\u00dcHNE<\/a><\/h3><\/div><\/div>\t\t\t\t<\/div>\n\t\t\t\t\t<\/div>\n\t\t<\/div>\n\t\t\t\t<div class=\"elementor-column elementor-col-25 elementor-top-column elementor-element elementor-element-1bb33cb\" data-id=\"1bb33cb\" data-element_type=\"column\" data-e-type=\"column\">\n\t\t\t<div class=\"elementor-widget-wrap elementor-element-populated\">\n\t\t\t\t\t\t<div class=\"elementor-element elementor-element-4066128 elementor-position-top elementor-widget elementor-widget-image-box\" data-id=\"4066128\" data-element_type=\"widget\" data-e-type=\"widget\" data-widget_type=\"image-box.default\">\n\t\t\t\t\t<div class=\"elementor-image-box-wrapper\"><figure class=\"elementor-image-box-img\"><img loading=\"lazy\" decoding=\"async\" width=\"100\" height=\"100\" src=\"https:\/\/www.rhodesrentalcar.com\/wp-content\/uploads\/2021\/03\/my-way-rent-a-car-gift-2-1.svg\" class=\"attachment-full size-full wp-image-5423\" alt=\"my-way-rent-a-car-gift 2\" srcset=\"https:\/\/www.rhodesrentalcar.com\/wp-content\/uploads\/\/2021\/03\/my-way-rent-a-car-gift-2-1.svg 150w, https:\/\/www.rhodesrentalcar.com\/wp-content\/uploads\/\/2021\/03\/my-way-rent-a-car-gift-2-1.svg 300w, https:\/\/www.rhodesrentalcar.com\/wp-content\/uploads\/\/2021\/03\/my-way-rent-a-car-gift-2-1.svg 768w, https:\/\/www.rhodesrentalcar.com\/wp-content\/uploads\/\/2021\/03\/my-way-rent-a-car-gift-2-1.svg 1024w, https:\/\/www.rhodesrentalcar.com\/wp-content\/uploads\/\/2021\/03\/my-way-rent-a-car-gift-2-1.svg 100w\" sizes=\"auto, (max-width: 100px) 100vw, 100px\" \/><\/figure><div class=\"elementor-image-box-content\"><h3 class=\"elementor-image-box-title\">EINKAUFEN<\/h3><\/div><\/div>\t\t\t\t<\/div>\n\t\t\t\t\t<\/div>\n\t\t<\/div>\n\t\t\t\t\t<\/div>\n\t\t<\/section>\n\t\t\t\t<section class=\"elementor-section elementor-top-section elementor-element elementor-element-e5b0ca7 elementor-section-content-middle elementor-section-boxed elementor-section-height-default elementor-section-height-default\" data-id=\"e5b0ca7\" data-element_type=\"section\" data-e-type=\"section\">\n\t\t\t\t\t\t<div class=\"elementor-container elementor-column-gap-no\">\n\t\t\t\t\t<div class=\"elementor-column elementor-col-100 elementor-top-column elementor-element elementor-element-7bcf352\" data-id=\"7bcf352\" data-element_type=\"column\" data-e-type=\"column\">\n\t\t\t<div class=\"elementor-widget-wrap elementor-element-populated\">\n\t\t\t\t\t\t<div class=\"elementor-element elementor-element-08d371f elementor-widget elementor-widget-text-editor\" data-id=\"08d371f\" data-element_type=\"widget\" data-e-type=\"widget\" data-widget_type=\"text-editor.default\">\n\t\t\t\t\t\t\t\t\t<p><strong>EL GRECO<\/strong><\/p>\n\t\t\t\t\t\t\t\t<\/div>\n\t\t\t\t<div class=\"elementor-element elementor-element-8304197 elementor-widget elementor-widget-text-editor\" data-id=\"8304197\" data-element_type=\"widget\" data-e-type=\"widget\" data-widget_type=\"text-editor.default\">\n\t\t\t\t\t\t\t\t\t<p>Griechisches Restaurant<\/p>\n\t\t\t\t\t\t\t\t<\/div>\n\t\t\t\t\t<\/div>\n\t\t<\/div>\n\t\t\t\t\t<\/div>\n\t\t<\/section>\n\t\t\t\t<section class=\"elementor-section elementor-top-section elementor-element elementor-element-e506515 elementor-section-boxed elementor-section-height-default elementor-section-height-default\" data-id=\"e506515\" data-element_type=\"section\" data-e-type=\"section\">\n\t\t\t\t\t\t<div class=\"elementor-container elementor-column-gap-default\">\n\t\t\t\t\t<div class=\"elementor-column elementor-col-100 elementor-top-column elementor-element elementor-element-6e66dae\" data-id=\"6e66dae\" data-element_type=\"column\" data-e-type=\"column\">\n\t\t\t<div class=\"elementor-widget-wrap elementor-element-populated\">\n\t\t\t\t\t\t<div class=\"elementor-element elementor-element-f384826 elementor-widget elementor-widget-text-editor\" data-id=\"f384826\" data-element_type=\"widget\" data-e-type=\"widget\" data-widget_type=\"text-editor.default\">\n\t\t\t\t\t\t\t\t\t<p>EL GRECO mit seiner warmen und einladenden Atmosph\u00e4re und dem hilfsbereiten, freundlichen Personal bietet st\u00e4ndig Einheimischen\u00a0 und \u00a0Touristen frischen Fisch und Meeresfr\u00fcchte.. Die meisten der Gerichte werden t\u00e4glich mit frischen lokalen Zutaten zubereitet. EL GRECO befindet sich in der N\u00e4he des Meeres und ist der Ort, den man unbedingt sehen muss!<\/p>\n\t\t\t\t\t\t\t\t<\/div>\n\t\t\t\t\t<\/div>\n\t\t<\/div>\n\t\t\t\t\t<\/div>\n\t\t<\/section>\n\t\t\t\t<section class=\"elementor-section elementor-top-section elementor-element elementor-element-7d48705 elementor-section-content-middle elementor-section-boxed elementor-section-height-default elementor-section-height-default\" data-id=\"7d48705\" data-element_type=\"section\" data-e-type=\"section\" data-settings=\"{&quot;background_background&quot;:&quot;classic&quot;}\">\n\t\t\t\t\t\t<div class=\"elementor-container elementor-column-gap-no\">\n\t\t\t\t\t<div class=\"elementor-column elementor-col-25 elementor-top-column elementor-element elementor-element-fe2e637\" data-id=\"fe2e637\" data-element_type=\"column\" data-e-type=\"column\">\n\t\t\t<div class=\"elementor-widget-wrap elementor-element-populated\">\n\t\t\t\t\t\t<div class=\"elementor-element elementor-element-51275c9 elementor-shape-circle elementor-grid-3 e-grid-align-center elementor-widget elementor-widget-social-icons\" data-id=\"51275c9\" data-element_type=\"widget\" data-e-type=\"widget\" data-widget_type=\"social-icons.default\">\n\t\t\t\t\t\t\t<div class=\"elementor-social-icons-wrapper elementor-grid\" role=\"list\">\n\t\t\t\t\t\t\t<span class=\"elementor-grid-item\" role=\"listitem\">\n\t\t\t\t\t<a class=\"elementor-icon elementor-social-icon elementor-social-icon-facebook elementor-animation-grow elementor-repeater-item-754c53d\" href=\"https:\/\/www.facebook.com\/El-Greco-taverna-ixia-rhodes-832483930463403\" target=\"_blank\">\n\t\t\t\t\t\t<span class=\"elementor-screen-only\">Facebook<\/span>\n\t\t\t\t\t\t<i aria-hidden=\"true\" class=\"fab fa-facebook\"><\/i>\t\t\t\t\t<\/a>\n\t\t\t\t<\/span>\n\t\t\t\t\t\t\t<span class=\"elementor-grid-item\" role=\"listitem\">\n\t\t\t\t\t<a class=\"elementor-icon elementor-social-icon elementor-social-icon-tripadvisor elementor-animation-grow elementor-repeater-item-79b0d2a\" href=\"https:\/\/www.tripadvisor.com.gr\/Restaurant_Review-g635613-d6608450-Reviews-El_Greco_Greek_Restaurant-Rhodes_Town_Rhodes_Dodecanese_South_Aegean.html?m=19905\" target=\"_blank\">\n\t\t\t\t\t\t<span class=\"elementor-screen-only\">Tripadvisor<\/span>\n\t\t\t\t\t\t<i aria-hidden=\"true\" class=\"fab fa-tripadvisor\"><\/i>\t\t\t\t\t<\/a>\n\t\t\t\t<\/span>\n\t\t\t\t\t\t\t<span class=\"elementor-grid-item\" role=\"listitem\">\n\t\t\t\t\t<a class=\"elementor-icon elementor-social-icon elementor-social-icon-instagram elementor-animation-grow elementor-repeater-item-cf348a7\" href=\"https:\/\/www.instagram.com\/el_greco_1\/\" target=\"_blank\">\n\t\t\t\t\t\t<span class=\"elementor-screen-only\">Instagram<\/span>\n\t\t\t\t\t\t<i aria-hidden=\"true\" class=\"fab fa-instagram\"><\/i>\t\t\t\t\t<\/a>\n\t\t\t\t<\/span>\n\t\t\t\t\t<\/div>\n\t\t\t\t\t\t<\/div>\n\t\t\t\t\t<\/div>\n\t\t<\/div>\n\t\t\t\t<div class=\"elementor-column elementor-col-25 elementor-top-column elementor-element elementor-element-553869e\" data-id=\"553869e\" data-element_type=\"column\" data-e-type=\"column\">\n\t\t\t<div class=\"elementor-widget-wrap elementor-element-populated\">\n\t\t\t\t\t\t<div class=\"elementor-element elementor-element-530f480 elementor-view-default elementor-position-block-start elementor-mobile-position-block-start elementor-widget elementor-widget-icon-box\" data-id=\"530f480\" data-element_type=\"widget\" data-e-type=\"widget\" data-widget_type=\"icon-box.default\">\n\t\t\t\t\t\t\t<div class=\"elementor-icon-box-wrapper\">\n\n\t\t\t\t\t\t<div class=\"elementor-icon-box-icon\">\n\t\t\t\t<a href=\"tel:+302241092867\" class=\"elementor-icon\" tabindex=\"-1\" aria-label=\"+302241 092867\">\n\t\t\t\t<i aria-hidden=\"true\" class=\" icomoon-the7-font-the7-phone-06\"><\/i>\t\t\t\t<\/a>\n\t\t\t<\/div>\n\t\t\t\n\t\t\t\t\t\t<div class=\"elementor-icon-box-content\">\n\n\t\t\t\t\t\t\t\t\t<h3 class=\"elementor-icon-box-title\">\n\t\t\t\t\t\t<a href=\"tel:+302241092867\" >\n\t\t\t\t\t\t\t+302241 092867\t\t\t\t\t\t<\/a>\n\t\t\t\t\t<\/h3>\n\t\t\t\t\n\t\t\t\t\n\t\t\t<\/div>\n\t\t\t\n\t\t<\/div>\n\t\t\t\t\t\t<\/div>\n\t\t\t\t\t<\/div>\n\t\t<\/div>\n\t\t\t\t<div class=\"elementor-column elementor-col-25 elementor-top-column elementor-element elementor-element-ea608bb\" data-id=\"ea608bb\" data-element_type=\"column\" data-e-type=\"column\">\n\t\t\t<div class=\"elementor-widget-wrap elementor-element-populated\">\n\t\t\t\t\t\t<div class=\"elementor-element elementor-element-bdaf932 elementor-view-default elementor-position-block-start elementor-mobile-position-block-start elementor-widget elementor-widget-icon-box\" data-id=\"bdaf932\" data-element_type=\"widget\" data-e-type=\"widget\" data-widget_type=\"icon-box.default\">\n\t\t\t\t\t\t\t<div class=\"elementor-icon-box-wrapper\">\n\n\t\t\t\t\t\t<div class=\"elementor-icon-box-icon\">\n\t\t\t\t<span  class=\"elementor-icon\">\n\t\t\t\t<i aria-hidden=\"true\" class=\"far fa-clock\"><\/i>\t\t\t\t<\/span>\n\t\t\t<\/div>\n\t\t\t\n\t\t\t\t\t\t<div class=\"elementor-icon-box-content\">\n\n\t\t\t\t\t\t\t\t\t<h3 class=\"elementor-icon-box-title\">\n\t\t\t\t\t\t<span  >\n\t\t\t\t\t\t\t11:00 - 23:45\t\t\t\t\t\t<\/span>\n\t\t\t\t\t<\/h3>\n\t\t\t\t\n\t\t\t\t\n\t\t\t<\/div>\n\t\t\t\n\t\t<\/div>\n\t\t\t\t\t\t<\/div>\n\t\t\t\t\t<\/div>\n\t\t<\/div>\n\t\t\t\t<div class=\"elementor-column elementor-col-25 elementor-top-column elementor-element elementor-element-bb47943\" data-id=\"bb47943\" data-element_type=\"column\" data-e-type=\"column\">\n\t\t\t<div class=\"elementor-widget-wrap elementor-element-populated\">\n\t\t\t\t\t\t<div class=\"elementor-element elementor-element-156a319 elementor-view-default elementor-position-block-start elementor-mobile-position-block-start elementor-widget elementor-widget-icon-box\" data-id=\"156a319\" data-element_type=\"widget\" data-e-type=\"widget\" data-widget_type=\"icon-box.default\">\n\t\t\t\t\t\t\t<div class=\"elementor-icon-box-wrapper\">\n\n\t\t\t\t\t\t<div class=\"elementor-icon-box-icon\">\n\t\t\t\t<a href=\"https:\/\/goo.gl\/maps\/fdnijDZjnrLFGWrV6\" target=\"_blank\" class=\"elementor-icon\" tabindex=\"-1\" aria-label=\"Ialysoy 477, Ialysos 851 01\">\n\t\t\t\t<i aria-hidden=\"true\" class=\"fas fa-map-marker-alt\"><\/i>\t\t\t\t<\/a>\n\t\t\t<\/div>\n\t\t\t\n\t\t\t\t\t\t<div class=\"elementor-icon-box-content\">\n\n\t\t\t\t\t\t\t\t\t<h3 class=\"elementor-icon-box-title\">\n\t\t\t\t\t\t<a href=\"https:\/\/goo.gl\/maps\/fdnijDZjnrLFGWrV6\" target=\"_blank\" >\n\t\t\t\t\t\t\tIalysoy 477, Ialysos 851 01\t\t\t\t\t\t<\/a>\n\t\t\t\t\t<\/h3>\n\t\t\t\t\n\t\t\t\t\n\t\t\t<\/div>\n\t\t\t\n\t\t<\/div>\n\t\t\t\t\t\t<\/div>\n\t\t\t\t\t<\/div>\n\t\t<\/div>\n\t\t\t\t\t<\/div>\n\t\t<\/section>\n\t\t\t\t<\/div>\n\t\t","protected":false},"excerpt":{"rendered":"<p>EL GRECO Griechisches Restaurant EL GRECO Griechisches Restaurant EL GRECO Griechisches Restaurant EL GRECO Griechisches Restaurant EL GRECO Griechisches Restaurant EL GRECO Griechisches Restaurant EL GRECO Griechisches Restaurant EL GRECO Griechisches Restaurant EL GRECO Griechisches Restaurant EL GRECO Griechisches Restaurant Previous Next RESTAURANT BAR LIVE-B\u00dcHNE EINKAUFEN EL GRECO Griechisches Restaurant EL GRECO mit seiner warmen&hellip;<\/p>\n","protected":false},"author":1,"featured_media":3804,"parent":0,"menu_order":0,"comment_status":"closed","ping_status":"closed","template":"elementor_header_footer","meta":{"_monsterinsights_skip_tracking":false,"_monsterinsights_sitenote_active":false,"_monsterinsights_sitenote_note":"","_monsterinsights_sitenote_category":0,"footnotes":""},"class_list":["post-7126","page","type-page","status-publish","has-post-thumbnail","hentry"],"aioseo_notices":[],"_links":{"self":[{"href":"https:\/\/www.rhodesrentalcar.com\/de\/wp-json\/wp\/v2\/pages\/7126","targetHints":{"allow":["GET"]}}],"collection":[{"href":"https:\/\/www.rhodesrentalcar.com\/de\/wp-json\/wp\/v2\/pages"}],"about":[{"href":"https:\/\/www.rhodesrentalcar.com\/de\/wp-json\/wp\/v2\/types\/page"}],"author":[{"embeddable":true,"href":"https:\/\/www.rhodesrentalcar.com\/de\/wp-json\/wp\/v2\/users\/1"}],"replies":[{"embeddable":true,"href":"https:\/\/www.rhodesrentalcar.com\/de\/wp-json\/wp\/v2\/comments?post=7126"}],"version-history":[{"count":0,"href":"https:\/\/www.rhodesrentalcar.com\/de\/wp-json\/wp\/v2\/pages\/7126\/revisions"}],"wp:featuredmedia":[{"embeddable":true,"href":"https:\/\/www.rhodesrentalcar.com\/de\/wp-json\/wp\/v2\/media\/3804"}],"wp:attachment":[{"href":"https:\/\/www.rhodesrentalcar.com\/de\/wp-json\/wp\/v2\/media?parent=7126"}],"curies":[{"name":"wp","href":"https:\/\/api.w.org\/{rel}","templated":true}]}}