{"id":7137,"date":"2021-06-07T00:29:24","date_gmt":"2021-06-07T00:29:24","guid":{"rendered":"https:\/\/www.rhodesrentalcar.com\/zahlungsarten\/"},"modified":"2021-06-07T00:29:25","modified_gmt":"2021-06-07T00:29:25","slug":"zahlungsarten","status":"publish","type":"page","link":"https:\/\/www.rhodesrentalcar.com\/de\/zahlungsarten\/","title":{"rendered":"Zahlungsarten"},"content":{"rendered":"\t\t<div data-elementor-type=\"wp-page\" data-elementor-id=\"7137\" class=\"elementor elementor-7137 elementor-10108\" data-elementor-post-type=\"page\">\n\t\t\t\t\t\t<section class=\"elementor-section elementor-top-section elementor-element elementor-element-ef4962a elementor-section-boxed elementor-section-height-default elementor-section-height-default\" data-id=\"ef4962a\" data-element_type=\"section\" data-e-type=\"section\">\n\t\t\t\t\t\t<div class=\"elementor-container elementor-column-gap-default\">\n\t\t\t\t\t<div class=\"elementor-column elementor-col-100 elementor-top-column elementor-element elementor-element-0bdf41f\" data-id=\"0bdf41f\" data-element_type=\"column\" data-e-type=\"column\">\n\t\t\t<div class=\"elementor-widget-wrap elementor-element-populated\">\n\t\t\t\t\t\t<div class=\"elementor-element elementor-element-eec499a elementor-widget elementor-widget-heading\" data-id=\"eec499a\" data-element_type=\"widget\" data-e-type=\"widget\" data-widget_type=\"heading.default\">\n\t\t\t\t\t<h2 class=\"elementor-heading-title elementor-size-default\">Zahlungsarten<\/h2>\t\t\t\t<\/div>\n\t\t\t\t<div class=\"elementor-element elementor-element-e6f27fd elementor-widget elementor-widget-text-editor\" data-id=\"e6f27fd\" data-element_type=\"widget\" data-e-type=\"widget\" data-widget_type=\"text-editor.default\">\n\t\t\t\t\t\t\t\t\t<p>In unserem Online-Shop k\u00f6nnen Sie mit den von allen Banken ausgestellten Kreditkarten Visa, Mastercard, Maestro, American Express, Diners, Discover oder mit der elektronischen Geldb\u00f6rse Masterpass bezahlen.<\/p>\n<p>Alle mit der Karte get\u00e4tigten Zahlungen werden \u00fcber die elektronische Zahlungsplattform \"Alpha e-Commerce\" der Alpha Bank abgewickelt und verwendet die Verschl\u00fcsselungsprotokollverschl\u00fcsselung TLS 1.2 mit 128-Bit-Verschl\u00fcsselung (Secure Sockets Layer - SSL). Die Verschl\u00fcsselung ist eine M\u00f6glichkeit, die Informationen zu verschl\u00fcsseln, bis sie ihren Empf\u00e4nger erreichen, der sie mit dem entsprechenden Schl\u00fcssel entschl\u00fcsseln kann.<\/p>\n\t\t\t\t\t\t\t\t<\/div>\n\t\t\t\t\t<\/div>\n\t\t<\/div>\n\t\t\t\t\t<\/div>\n\t\t<\/section>\n\t\t\t\t<\/div>\n\t\t","protected":false},"excerpt":{"rendered":"<p>Zahlungsarten In unserem Online-Shop k\u00f6nnen Sie mit den von allen Banken ausgestellten Kreditkarten Visa, Mastercard, Maestro, American Express, Diners, Discover oder mit der elektronischen Geldb\u00f6rse Masterpass bezahlen. Alle mit der Karte get\u00e4tigten Zahlungen werden \u00fcber die elektronische Zahlungsplattform \"Alpha e-Commerce\" der Alpha Bank abgewickelt und verwendet die Verschl\u00fcsselungsprotokollverschl\u00fcsselung TLS 1.2 mit 128-Bit-Verschl\u00fcsselung (Secure Sockets Layer&hellip;<\/p>\n","protected":false},"author":1,"featured_media":0,"parent":0,"menu_order":0,"comment_status":"closed","ping_status":"closed","template":"","meta":{"footnotes":""},"class_list":["post-7137","page","type-page","status-publish","hentry"],"_links":{"self":[{"href":"https:\/\/www.rhodesrentalcar.com\/de\/wp-json\/wp\/v2\/pages\/7137","targetHints":{"allow":["GET"]}}],"collection":[{"href":"https:\/\/www.rhodesrentalcar.com\/de\/wp-json\/wp\/v2\/pages"}],"about":[{"href":"https:\/\/www.rhodesrentalcar.com\/de\/wp-json\/wp\/v2\/types\/page"}],"author":[{"embeddable":true,"href":"https:\/\/www.rhodesrentalcar.com\/de\/wp-json\/wp\/v2\/users\/1"}],"replies":[{"embeddable":true,"href":"https:\/\/www.rhodesrentalcar.com\/de\/wp-json\/wp\/v2\/comments?post=7137"}],"version-history":[{"count":0,"href":"https:\/\/www.rhodesrentalcar.com\/de\/wp-json\/wp\/v2\/pages\/7137\/revisions"}],"wp:attachment":[{"href":"https:\/\/www.rhodesrentalcar.com\/de\/wp-json\/wp\/v2\/media?parent=7137"}],"curies":[{"name":"wp","href":"https:\/\/api.w.org\/{rel}","templated":true}]}}